{"id":78839,"date":"2023-12-13T21:54:16","date_gmt":"2023-12-13T20:54:16","guid":{"rendered":"https:\/\/www.soanam.de\/?post_type=product&#038;p=78839"},"modified":"2023-12-13T21:56:13","modified_gmt":"2023-12-13T20:56:13","slug":"aniston-casual-hemdbluse-mit-galonstreifen-in-weiss-groesse-44","status":"publish","type":"product","link":"https:\/\/www.soanam.de\/en\/produkt\/aniston-casual-hemdbluse-mit-galonstreifen-in-weiss-groesse-44\/","title":{"rendered":"Aniston CASUAL Hemdbluse mit Galonstreifen, in Wei\u00df, Gr\u00f6\u00dfe 44"},"content":{"rendered":"<p>Damenbluse von Aniston CASUAL<br \/>\nMit aufgesetzter Brusttasche<br \/>\nGalonstreifen an den langen \u00c4rmeln<br \/>\nRounded hem<br \/>\nIn a figure-hugging fit<br \/>\nAus weicher Viskose-Qualit\u00e4t<\/p>\n<p>Zu den klassischen Ausstattungsdetails der Aniston Casual Hemdbluse geh\u00f6ren der Blusenkragen, die durchgehende Knopfleiste und die gekn\u00f6pften Manschetten.<br \/>\nDas Design wird stilvoll erg\u00e4nzt durch eine aufgesetzte Brusttasche und kontrastfarbenen Galonstreifen an den langen \u00c4rmeln.<br \/>\nDer legere, am Saum leicht ausgestellter Schnitt, sowie die weiche Viskose-Qualit\u00e4t versprechen einen hohen Tragekomfort.<\/p>\n<p>Material: 100% viscose<br \/>\nCare instructions: Machine wash<\/p>\n<p>Color: white<br \/>\nPattern: Galon stripes<br \/>\nSize: 44<\/p>\n<p>Shoulder width: 44cm<br \/>\nChest width: 118cm<br \/>\nSleeve length: 63cm<br \/>\nTotal length: 79cm<\/p>\n<p>This new item is a customer return without a label.<\/p>","protected":false},"excerpt":{"rendered":"<table class=\"dv_characteristicsTable\">\n<tbody>\n<tr>\n<td class=\"left\">Size<\/td>\n<td>44<\/td>\n<\/tr>\n<tr>\n<td class=\"left\">Gr\u00f6\u00dfentyp<\/td>\n<td>Normalgr\u00f6\u00dfen<\/td>\n<\/tr>\n<tr>\n<td class=\"left\">Material composition<\/td>\n<td>Obermaterial: 100% Viskose<\/td>\n<\/tr>\n<tr>\n<td class=\"left\">Materialart<\/td>\n<td>Web<\/td>\n<\/tr>\n<tr>\n<td class=\"left\">Care instructions<\/td>\n<td>Machine wash<\/td>\n<\/tr>\n<tr>\n<td class=\"left\">Optik<\/td>\n<td>unifarben, leicht transparent<\/td>\n<\/tr>\n<tr>\n<td class=\"left\">Stil<\/td>\n<td>modisch<\/td>\n<\/tr>\n<tr>\n<td class=\"left\">Color<\/td>\n<td>wei\u00df<\/td>\n<\/tr>\n<tr>\n<td class=\"left\">Kragen<\/td>\n<td>Shirt collar<\/td>\n<\/tr>\n<tr>\n<td class=\"left\">\u00c4rmel<\/td>\n<td>Long sleeve<\/td>\n<\/tr>\n<tr>\n<td class=\"left\">\u00c4rmelabschluss<\/td>\n<td>2-Knopf-Manschette<\/td>\n<\/tr>\n<tr>\n<td class=\"left\">Rumpfabschluss<\/td>\n<td>Rounded hem<\/td>\n<\/tr>\n<tr>\n<td class=\"left\">Fit<\/td>\n<td>figurumspielend<\/td>\n<\/tr>\n<tr>\n<td class=\"left\">Schnittform L\u00e4nge<\/td>\n<td>Po-bedeckend<\/td>\n<\/tr>\n<tr>\n<td class=\"left\">Applikationen<\/td>\n<td>B\u00e4nder<\/td>\n<\/tr>\n<tr>\n<td class=\"left\">Bags<\/td>\n<td>Brusttasche<\/td>\n<\/tr>\n<tr>\n<td class=\"left\">Verschluss<\/td>\n<td>Button placket<\/td>\n<\/tr>\n<tr>\n<td class=\"left\">Besondere Merkmale<\/td>\n<td>mit Galonstreifen<\/td>\n<\/tr>\n<\/tbody>\n<\/table>","protected":false},"featured_media":78935,"comment_status":"open","ping_status":"closed","template":"","meta":{"_seopress_robots_primary_cat":"","_seopress_titles_title":"","_seopress_titles_desc":"","_seopress_robots_index":""},"product_brand":[],"product_cat":[1348,1414,1415],"product_tag":[],"class_list":{"0":"post-78839","1":"product","2":"type-product","3":"status-publish","4":"has-post-thumbnail","6":"product_cat-damen-mode","7":"product_cat-blusen","8":"product_cat-langarm","9":"product_shipping_class-standard-versand","11":"first","12":"instock","13":"sale","14":"taxable","15":"shipping-taxable","16":"purchasable","17":"product-type-simple"},"_links":{"self":[{"href":"https:\/\/www.soanam.de\/en\/wp-json\/wp\/v2\/product\/78839","targetHints":{"allow":["GET"]}}],"collection":[{"href":"https:\/\/www.soanam.de\/en\/wp-json\/wp\/v2\/product"}],"about":[{"href":"https:\/\/www.soanam.de\/en\/wp-json\/wp\/v2\/types\/product"}],"replies":[{"embeddable":true,"href":"https:\/\/www.soanam.de\/en\/wp-json\/wp\/v2\/comments?post=78839"}],"wp:featuredmedia":[{"embeddable":true,"href":"https:\/\/www.soanam.de\/en\/wp-json\/wp\/v2\/media\/78935"}],"wp:attachment":[{"href":"https:\/\/www.soanam.de\/en\/wp-json\/wp\/v2\/media?parent=78839"}],"wp:term":[{"taxonomy":"product_brand","embeddable":true,"href":"https:\/\/www.soanam.de\/en\/wp-json\/wp\/v2\/product_brand?post=78839"},{"taxonomy":"product_cat","embeddable":true,"href":"https:\/\/www.soanam.de\/en\/wp-json\/wp\/v2\/product_cat?post=78839"},{"taxonomy":"product_tag","embeddable":true,"href":"https:\/\/www.soanam.de\/en\/wp-json\/wp\/v2\/product_tag?post=78839"}],"curies":[{"name":"wp","href":"https:\/\/api.w.org\/{rel}","templated":true}]}}