{"id":78797,"date":"2023-12-13T21:27:09","date_gmt":"2023-12-13T20:27:09","guid":{"rendered":"https:\/\/www.soanam.de\/?post_type=product&#038;p=78797"},"modified":"2023-12-13T21:55:29","modified_gmt":"2023-12-13T20:55:29","slug":"bershka-accessories-pack-of-2-face-coverings-2x-mund-nasen-schutz-waschbar","status":"publish","type":"product","link":"https:\/\/www.soanam.de\/en\/produkt\/bershka-accessories-pack-of-2-face-coverings-2x-mund-nasen-schutz-waschbar\/","title":{"rendered":"Bershka Accessories - Pack of 2 face coverings, 2x mouth-nose protection, washable"},"content":{"rendered":"<h3>Product description<\/h3>\n<p>Mund-Nasen- Schutz f\u00fcr Erwachsene im praktischen Doppelpack - 1x schwarz mit lila Schmetterling, 1x flieder mit farbigen Schmetterlingen, waschbar.<br \/>\nEs kann einige Zeit dauern, bis Sie sich an die Maske gew\u00f6hnt haben. - Verwenden Sie dieses Produkt nicht bei den ersten Anzeichen von Sch\u00e4den. - Reinigen Sie es nicht chemisch und verwenden Sie keinen Weichsp\u00fcler. - Reinigen Sie die wieder verwendbare Maske m\u00f6glichst nach jedem Gebrauch. - Maximale Anzahl von Waschen (gem\u00e4\u00df den Waschanweisungen): 30 - F\u00fchren Sie einen vollst\u00e4ndigen Waschzyklus durch (Befeuchten, Waschen, Sp\u00fclen mit einem Standardwaschmittel bei 60 \u00b0 C).<br \/>\nR\u00fcckgabe: Aus hygienischen und gesundheitlichen Gr\u00fcnden k\u00f6nnen Gesichtsbedeckungen nicht ausgetauscht oder zur\u00fcckgegeben werden sobald die Verpackung ge\u00f6ffnet wurde.<\/p>\n<p><strong>Material: <\/strong><br \/>\n86% Polyester<br \/>\n7% Polyamid<br \/>\n7% Elasthan<\/p>\n<p><strong>Color<\/strong>:<br \/>\nSchwarz, Lila<\/p>\n<p><strong>Packungsinhalt:<\/strong><br \/>\n2x Mund-Nasen-Schutz<\/p>","protected":false},"excerpt":{"rendered":"<h3>Artikelmerkmale<\/h3>\n<p>Artikelzustand: Neu - Neuer, unbenutzter und unbesch\u00e4digter Artikel in der unge\u00f6ffneten Verpackung<\/p>\n<table dir=\"ltr\" border=\"1\" cellspacing=\"0\" cellpadding=\"0\">\n<colgroup>\n<col width=\"203\" \/>\n<col width=\"203\" \/><\/colgroup>\n<tbody>\n<tr>\n<td data-sheets-value=\"{&quot;1&quot;:2,&quot;2&quot;:&quot;Anzahl pro Packung:&quot;}\">Anzahl pro Packung:<\/td>\n<td data-sheets-value=\"{&quot;1&quot;:3,&quot;3&quot;:2}\">2<\/td>\n<\/tr>\n<tr>\n<td data-sheets-value=\"{&quot;1&quot;:2,&quot;2&quot;:&quot;Farbe:&quot;}\">Color:<\/td>\n<td data-sheets-value=\"{&quot;1&quot;:2,&quot;2&quot;:&quot;Schwarz\/Lila&quot;}\">Schwarz\/Lila<\/td>\n<\/tr>\n<tr>\n<td data-sheets-value=\"{&quot;1&quot;:2,&quot;2&quot;:&quot;Marke:&quot;}\">Marke:<\/td>\n<td data-sheets-value=\"{&quot;1&quot;:2,&quot;2&quot;:&quot;Bershka&quot;}\">Bershka<\/td>\n<\/tr>\n<tr>\n<td data-sheets-value=\"{&quot;1&quot;:2,&quot;2&quot;:&quot;Material:&quot;}\">Material:<\/td>\n<td data-sheets-value=\"{&quot;1&quot;:2,&quot;2&quot;:&quot;Polyester, Polyamid, Elasthan&quot;}\">Polyester, Polyamid, Elasthan<\/td>\n<\/tr>\n<tr>\n<td data-sheets-value=\"{&quot;1&quot;:2,&quot;2&quot;:&quot;Modifizierter Artikel:&quot;}\">Modifizierter Artikel:<\/td>\n<td data-sheets-value=\"{&quot;1&quot;:2,&quot;2&quot;:&quot;Nein&quot;}\">Nein<\/td>\n<\/tr>\n<tr>\n<td data-sheets-value=\"{&quot;1&quot;:2,&quot;2&quot;:&quot;Muster:&quot;}\">Muster:<\/td>\n<td data-sheets-value=\"{&quot;1&quot;:2,&quot;2&quot;:&quot;Schmetterlinge&quot;}\">Schmetterlinge<\/td>\n<\/tr>\n<\/tbody>\n<\/table>","protected":false},"featured_media":78896,"comment_status":"open","ping_status":"closed","template":"","meta":{"_seopress_robots_primary_cat":"","_seopress_titles_title":"","_seopress_titles_desc":"","_seopress_robots_index":""},"product_brand":[],"product_cat":[1348,1357,1496],"product_tag":[],"class_list":{"0":"post-78797","1":"product","2":"type-product","3":"status-publish","4":"has-post-thumbnail","6":"product_cat-damen-mode","7":"product_cat-accessoires","8":"product_cat-mund-nasen-schutz","9":"product_shipping_class-standard-versand","11":"first","12":"instock","13":"sale","14":"taxable","15":"shipping-taxable","16":"purchasable","17":"product-type-simple"},"_links":{"self":[{"href":"https:\/\/www.soanam.de\/en\/wp-json\/wp\/v2\/product\/78797","targetHints":{"allow":["GET"]}}],"collection":[{"href":"https:\/\/www.soanam.de\/en\/wp-json\/wp\/v2\/product"}],"about":[{"href":"https:\/\/www.soanam.de\/en\/wp-json\/wp\/v2\/types\/product"}],"replies":[{"embeddable":true,"href":"https:\/\/www.soanam.de\/en\/wp-json\/wp\/v2\/comments?post=78797"}],"wp:featuredmedia":[{"embeddable":true,"href":"https:\/\/www.soanam.de\/en\/wp-json\/wp\/v2\/media\/78896"}],"wp:attachment":[{"href":"https:\/\/www.soanam.de\/en\/wp-json\/wp\/v2\/media?parent=78797"}],"wp:term":[{"taxonomy":"product_brand","embeddable":true,"href":"https:\/\/www.soanam.de\/en\/wp-json\/wp\/v2\/product_brand?post=78797"},{"taxonomy":"product_cat","embeddable":true,"href":"https:\/\/www.soanam.de\/en\/wp-json\/wp\/v2\/product_cat?post=78797"},{"taxonomy":"product_tag","embeddable":true,"href":"https:\/\/www.soanam.de\/en\/wp-json\/wp\/v2\/product_tag?post=78797"}],"curies":[{"name":"wp","href":"https:\/\/api.w.org\/{rel}","templated":true}]}}