{"id":78037,"date":"2023-12-13T21:05:29","date_gmt":"2023-12-13T20:05:29","guid":{"rendered":"https:\/\/www.soanam.de\/?post_type=product&#038;p=78037"},"modified":"2023-12-13T21:12:29","modified_gmt":"2023-12-13T20:12:29","slug":"levis-sequin-t-shirt-graphic-varsity-squin-in-black-size-m","status":"publish","type":"product","link":"https:\/\/www.soanam.de\/en\/produkt\/levis-pailletten-t-shirt-graphic-varsity-squin-in-schwarz-groesse-m\/","title":{"rendered":"Levi's sequin T-shirt Graphic Varsity Squin, in black, size M"},"content":{"rendered":"<p>Ladies T-shirt from LEVIS<br \/>\nLogo with sequins<br \/>\nCasual cut<br \/>\nMade from soft cotton<\/p>\n<p>Bringen Sie mit einem Levi's-T-Shirt Abwechslung in Ihre Essential-Kollektion. Der Logo-Schriftzug aus schimmernden Pailletten besticht und verleiht Ihrer Freizeitgarderobe eine besondere Note. In puncto Tragekomfort spricht die weiche Baumwollqualit\u00e4t f\u00fcr sich. Rundhalsausschnitt, kurze \u00c4rmel und l\u00e4ssiger Schnitt runden das Gesamtbild ab.<\/p>\n<p>Material: 100% cotton<br \/>\nCare instructions: Machine wash<\/p>\n<p>Color: black<br \/>\nPattern: Sequin logo<br \/>\nSize: M<\/p>\n<p>Shoulder width: 45cm<br \/>\nChest width: 109cm<br \/>\nSleeve length: 16,5cm<br \/>\nTotal length: 57cm<\/p>","protected":false},"excerpt":{"rendered":"<table class=\"dv_characteristicsTable\">\n<tbody>\n<tr>\n<td class=\"left\">Size<\/td>\n<td>M (36\/38)<\/td>\n<\/tr>\n<tr>\n<td class=\"left\">Gr\u00f6\u00dfentyp<\/td>\n<td>Normalgr\u00f6\u00dfen<\/td>\n<\/tr>\n<tr>\n<td class=\"left\">Material composition<\/td>\n<td>Obermaterial: 100% Baumwolle<\/td>\n<\/tr>\n<tr>\n<td class=\"left\">Materialart<\/td>\n<td>Jersey<\/td>\n<\/tr>\n<tr>\n<td class=\"left\">Care instructions<\/td>\n<td>Machine wash<\/td>\n<\/tr>\n<tr>\n<td class=\"left\">Optik<\/td>\n<td>bestickt<\/td>\n<\/tr>\n<tr>\n<td class=\"left\">Stil<\/td>\n<td>casual<\/td>\n<\/tr>\n<tr>\n<td class=\"left\">Color<\/td>\n<td>black, red<\/td>\n<\/tr>\n<tr>\n<td class=\"left\">Ausschnitt<\/td>\n<td>Rundhals<\/td>\n<\/tr>\n<tr>\n<td class=\"left\">\u00c4rmel<\/td>\n<td>Short sleeve<\/td>\n<\/tr>\n<tr>\n<td class=\"left\">Fit<\/td>\n<td>bequem<\/td>\n<\/tr>\n<tr>\n<td class=\"left\">Applikationen<\/td>\n<td>Pailletten<\/td>\n<\/tr>\n<tr>\n<td class=\"left\">Besondere Merkmale<\/td>\n<td>Logo with sequins<\/td>\n<\/tr>\n<\/tbody>\n<\/table>","protected":false},"featured_media":78150,"comment_status":"open","ping_status":"closed","template":"","meta":{"_seopress_robots_primary_cat":"","_seopress_titles_title":"","_seopress_titles_desc":"","_seopress_robots_index":""},"product_brand":[],"product_cat":[1348,1458,1477],"product_tag":[],"class_list":{"0":"post-78037","1":"product","2":"type-product","3":"status-publish","4":"has-post-thumbnail","6":"product_cat-damen-mode","7":"product_cat-shirts-damen-mode","8":"product_cat-t-shirts-shirts-damen-mode","9":"product_shipping_class-standard-versand","11":"first","12":"instock","13":"sale","14":"taxable","15":"shipping-taxable","16":"purchasable","17":"product-type-simple"},"_links":{"self":[{"href":"https:\/\/www.soanam.de\/en\/wp-json\/wp\/v2\/product\/78037","targetHints":{"allow":["GET"]}}],"collection":[{"href":"https:\/\/www.soanam.de\/en\/wp-json\/wp\/v2\/product"}],"about":[{"href":"https:\/\/www.soanam.de\/en\/wp-json\/wp\/v2\/types\/product"}],"replies":[{"embeddable":true,"href":"https:\/\/www.soanam.de\/en\/wp-json\/wp\/v2\/comments?post=78037"}],"wp:featuredmedia":[{"embeddable":true,"href":"https:\/\/www.soanam.de\/en\/wp-json\/wp\/v2\/media\/78150"}],"wp:attachment":[{"href":"https:\/\/www.soanam.de\/en\/wp-json\/wp\/v2\/media?parent=78037"}],"wp:term":[{"taxonomy":"product_brand","embeddable":true,"href":"https:\/\/www.soanam.de\/en\/wp-json\/wp\/v2\/product_brand?post=78037"},{"taxonomy":"product_cat","embeddable":true,"href":"https:\/\/www.soanam.de\/en\/wp-json\/wp\/v2\/product_cat?post=78037"},{"taxonomy":"product_tag","embeddable":true,"href":"https:\/\/www.soanam.de\/en\/wp-json\/wp\/v2\/product_tag?post=78037"}],"curies":[{"name":"wp","href":"https:\/\/api.w.org\/{rel}","templated":true}]}}