{"id":77882,"date":"2023-12-13T21:02:29","date_gmt":"2023-12-13T20:02:29","guid":{"rendered":"https:\/\/www.soanam.de\/?post_type=product&#038;p=77882"},"modified":"2023-12-13T21:04:51","modified_gmt":"2023-12-13T20:04:51","slug":"pure-eleganz-damen-kaschmirpullover-mit-zierknoten-in-caramel-groesse-44-46","status":"publish","type":"product","link":"https:\/\/www.soanam.de\/en\/produkt\/pure-eleganz-damen-kaschmirpullover-mit-zierknoten-in-caramel-groesse-44-46\/","title":{"rendered":"Pure Eleganz - Damen Kaschmirpullover mit Zierknoten, in Caramel, Gr\u00f6\u00dfe 44\/46"},"content":{"rendered":"<h3>Description<\/h3>\n<p>Mit effektvollen Extras werden diese Saison modische Statements gesetzt! Auch der luxuri\u00f6se Kaschmirpullover pr\u00e4sentiert sich raffinierter denn je. Dabei wird der seitliche Zierknoten zum besonderen Eyecatcher und l\u00e4sst den Klassiker modern und feminin zugleich wirken. Die doppelt verzwirnte Naturqualit\u00e4t ist vom Feinsten und verw\u00f6hnt Sie mit angenehmer W\u00e4rme und flaumweichem Tragegef\u00fchl. Leicht tailliert und aufwendig in Form gestrickt zeigt sich der Pullover mit langen \u00c4rmeln, flacher Tubularblende am Rundhals-Ausschnitt und gerippten Abschl\u00fcssen an \u00c4rmel und Saum. Ein exquisites Lieblingsst\u00fcck, das sich sowohl zur sportiven als auch zur klassischen Garderobe kombinieren l\u00e4sst.<\/p>\n<p><strong>Product dimensions<\/strong><br \/>\nL\u00e4nge ca. 64 cm, h\u00fcftumspielend.<\/p>\n<p><strong>Material<\/strong><br \/>\nObermaterial: 100% Kaschmir.<\/p>\n<p><strong>Care<\/strong><br \/>\nWashable<\/p>","protected":false},"excerpt":{"rendered":"<h3>Artikelmerkmale<\/h3>\n<p>Item condition: New with label: New, unused and unworn item in its original packaging<\/p>\n<table border=\"0\" frame=\"VOID\" rules=\"NONE\" cellspacing=\"0\">\n<colgroup>\n<col width=\"116\" \/>\n<col width=\"152\" \/><\/colgroup>\n<tbody>\n<tr>\n<td align=\"LEFT\" width=\"116\" height=\"18\">Abteilung:<\/td>\n<td align=\"LEFT\" width=\"152\">Damen<\/td>\n<\/tr>\n<tr>\n<td align=\"LEFT\" height=\"18\">Akzente:<\/td>\n<td align=\"LEFT\">Zierknoten<\/td>\n<\/tr>\n<tr>\n<td align=\"LEFT\" height=\"18\">\u00c4rmell\u00e4nge:<\/td>\n<td align=\"LEFT\">Long sleeve<\/td>\n<\/tr>\n<tr>\n<td align=\"LEFT\" height=\"18\">Ausschnitt:<\/td>\n<td align=\"LEFT\">Round neckline<\/td>\n<\/tr>\n<tr>\n<td align=\"LEFT\" height=\"18\">Besonderheiten:<\/td>\n<td align=\"LEFT\">Zierknoten<\/td>\n<\/tr>\n<tr>\n<td align=\"LEFT\" height=\"18\">Charakter:<\/td>\n<td align=\"LEFT\">ohne<\/td>\n<\/tr>\n<tr>\n<td align=\"LEFT\" height=\"18\">EAN:<\/td>\n<td align=\"LEFT\">nichtzutreffend<\/td>\n<\/tr>\n<tr>\n<td align=\"LEFT\" height=\"18\">Color:<\/td>\n<td align=\"LEFT\">Brown<\/td>\n<\/tr>\n<tr>\n<td align=\"LEFT\" height=\"18\">Gewebeart:<\/td>\n<td align=\"LEFT\">Strick<\/td>\n<\/tr>\n<tr>\n<td align=\"LEFT\" height=\"18\">Size:<\/td>\n<td align=\"LEFT\">44\/46<\/td>\n<\/tr>\n<tr>\n<td align=\"LEFT\" height=\"18\">Gr\u00f6\u00dfenkategorie:<\/td>\n<td align=\"LEFT\">Normalgr\u00f6\u00dfe<\/td>\n<\/tr>\n<tr>\n<td align=\"LEFT\" height=\"18\">Jahreszeit:<\/td>\n<td align=\"LEFT\">Fr\u00fchling, Herbst, Winter<\/td>\n<\/tr>\n<tr>\n<td align=\"LEFT\" height=\"18\">Marke:<\/td>\n<td align=\"LEFT\">Unbranded<\/td>\n<\/tr>\n<tr>\n<td align=\"LEFT\" height=\"18\">Material:<\/td>\n<td align=\"LEFT\">Kaschmir<\/td>\n<\/tr>\n<tr>\n<td align=\"LEFT\" height=\"18\">Muster:<\/td>\n<td align=\"LEFT\">Ohne Muster<\/td>\n<\/tr>\n<tr>\n<td align=\"LEFT\" height=\"18\">Fit:<\/td>\n<td align=\"LEFT\">Slim<\/td>\n<\/tr>\n<tr>\n<td align=\"LEFT\" height=\"18\">Produktart:<\/td>\n<td align=\"LEFT\">Pullover<\/td>\n<\/tr>\n<tr>\n<td align=\"LEFT\" height=\"18\">Stil:<\/td>\n<td align=\"LEFT\">Pullover<\/td>\n<\/tr>\n<tr>\n<td align=\"LEFT\" height=\"18\">Strickart:<\/td>\n<td align=\"LEFT\">Feinstrick<\/td>\n<\/tr>\n<tr>\n<td align=\"LEFT\" height=\"18\">Thema:<\/td>\n<td align=\"LEFT\">Modern<\/td>\n<\/tr>\n<tr>\n<td align=\"LEFT\" height=\"18\">Vintage:<\/td>\n<td align=\"LEFT\">Nein<\/td>\n<\/tr>\n<\/tbody>\n<\/table>","protected":false},"featured_media":78006,"comment_status":"open","ping_status":"closed","template":"","meta":{"_seopress_robots_primary_cat":"","_seopress_titles_title":"","_seopress_titles_desc":"","_seopress_robots_index":""},"product_brand":[],"product_cat":[1348,1456,1465],"product_tag":[],"class_list":{"0":"post-77882","1":"product","2":"type-product","3":"status-publish","4":"has-post-thumbnail","6":"product_cat-damen-mode","7":"product_cat-pullover-sweater","8":"product_cat-strickpullover","9":"product_shipping_class-standard-versand","11":"first","12":"instock","13":"sale","14":"taxable","15":"shipping-taxable","16":"purchasable","17":"product-type-simple"},"_links":{"self":[{"href":"https:\/\/www.soanam.de\/en\/wp-json\/wp\/v2\/product\/77882","targetHints":{"allow":["GET"]}}],"collection":[{"href":"https:\/\/www.soanam.de\/en\/wp-json\/wp\/v2\/product"}],"about":[{"href":"https:\/\/www.soanam.de\/en\/wp-json\/wp\/v2\/types\/product"}],"replies":[{"embeddable":true,"href":"https:\/\/www.soanam.de\/en\/wp-json\/wp\/v2\/comments?post=77882"}],"wp:featuredmedia":[{"embeddable":true,"href":"https:\/\/www.soanam.de\/en\/wp-json\/wp\/v2\/media\/78006"}],"wp:attachment":[{"href":"https:\/\/www.soanam.de\/en\/wp-json\/wp\/v2\/media?parent=77882"}],"wp:term":[{"taxonomy":"product_brand","embeddable":true,"href":"https:\/\/www.soanam.de\/en\/wp-json\/wp\/v2\/product_brand?post=77882"},{"taxonomy":"product_cat","embeddable":true,"href":"https:\/\/www.soanam.de\/en\/wp-json\/wp\/v2\/product_cat?post=77882"},{"taxonomy":"product_tag","embeddable":true,"href":"https:\/\/www.soanam.de\/en\/wp-json\/wp\/v2\/product_tag?post=77882"}],"curies":[{"name":"wp","href":"https:\/\/api.w.org\/{rel}","templated":true}]}}