{"id":77856,"date":"2023-12-13T21:02:03","date_gmt":"2023-12-13T20:02:03","guid":{"rendered":"https:\/\/www.soanam.de\/?post_type=product&#038;p=77856"},"modified":"2023-12-13T21:04:10","modified_gmt":"2023-12-13T20:04:10","slug":"cmp-softshell-pants-in-black-size-20","status":"publish","type":"product","link":"https:\/\/www.soanam.de\/en\/produkt\/cmp-softshellhose-in-schwarz-groesse-20\/","title":{"rendered":"CMP softshell pants, in black, size 20"},"content":{"rendered":"<p>Warm softshell pants from CMP<br \/>\nSlit pockets with zipper, belt loops<br \/>\nStraight-cut leg with stitched-down knees<br \/>\nWaterproof, windproof and breathable<br \/>\n7,000mm water column<\/p>\n<p>Breathable and windproof softshell trousers that make every outdoor activity a pleasure with their straight cut, zippered side pockets and darts at the knee.<br \/>\nWith a water column of 7,000 mm, it is also waterproof.<\/p>\n<p>Material: Outer material: 96% polyester, 4% elastane. Lining: 100% polyester<br \/>\nCare instructions: Machine wash<\/p>\n<p>Color: black<br \/>\nSize: 20<\/p>\n<p>Waist size: 85cm<br \/>\nHip circumference: 103cm<br \/>\nStep length:73cm<br \/>\nTotal length: 99cm<\/p>\n<p>This new item is a customer return without a label.<\/p>","protected":false},"excerpt":{"rendered":"<table class=\"dv_characteristicsTable\">\n<tbody>\n<tr>\n<td class=\"left\">Size<\/td>\n<td>20<\/td>\n<\/tr>\n<tr>\n<td class=\"left\">Gr\u00f6\u00dfentyp<\/td>\n<td>Kurzgr\u00f6\u00dfen<\/td>\n<\/tr>\n<tr>\n<td class=\"left\">Material composition<\/td>\n<td>Outer material: 96% polyester, 4% elastane. Lining: 100% polyester<\/td>\n<\/tr>\n<tr>\n<td class=\"left\">Materialart<\/td>\n<td>Softshell<\/td>\n<\/tr>\n<tr>\n<td class=\"left\">Materialeigenschaften<\/td>\n<td>winddicht, wasserabweisend, atmungsaktiv, elastisch, schnell trocknend<\/td>\n<\/tr>\n<tr>\n<td class=\"left\">Wassers\u00e4ule<\/td>\n<td>7000 mm<\/td>\n<\/tr>\n<tr>\n<td class=\"left\">Atmungsaktivit\u00e4t<\/td>\n<td>1000<\/td>\n<\/tr>\n<tr>\n<td class=\"left\">Care instructions<\/td>\n<td>Machine wash<\/td>\n<\/tr>\n<tr>\n<td class=\"left\">Stil<\/td>\n<td>sportlich<\/td>\n<\/tr>\n<tr>\n<td class=\"left\">Herstellerfarbbezeichnung<\/td>\n<td>nero<\/td>\n<\/tr>\n<tr>\n<td class=\"left\">Color<\/td>\n<td>schwarz<\/td>\n<\/tr>\n<tr>\n<td class=\"left\">Leibh\u00f6he<\/td>\n<td>klassisch<\/td>\n<\/tr>\n<tr>\n<td class=\"left\">Beinform<\/td>\n<td>gerade<\/td>\n<\/tr>\n<tr>\n<td class=\"left\">Belt loops<\/td>\n<td>ja<\/td>\n<\/tr>\n<tr>\n<td class=\"left\">Applikationen<\/td>\n<td>Logostickerei<\/td>\n<\/tr>\n<tr>\n<td class=\"left\">Bags<\/td>\n<td>Rei\u00dfverschlusstaschen<\/td>\n<\/tr>\n<tr>\n<td class=\"left\">Verschluss<\/td>\n<td>Rei\u00dfverschluss, Knopf<\/td>\n<\/tr>\n<tr>\n<td class=\"left\">Gr\u00f6\u00dfenhinweis<\/td>\n<td>F\u00e4llt eng aus, bitte eine Gr\u00f6\u00dfe gr\u00f6\u00dfer bestellen.<\/td>\n<\/tr>\n<tr>\n<td class=\"left\">Sportart<\/td>\n<td>Trekking<\/td>\n<\/tr>\n<\/tbody>\n<\/table>","protected":false},"featured_media":77964,"comment_status":"open","ping_status":"closed","template":"","meta":{"_seopress_robots_primary_cat":"","_seopress_titles_title":"","_seopress_titles_desc":"","_seopress_robots_index":""},"product_brand":[],"product_cat":[1348,1349,1455],"product_tag":[],"class_list":{"0":"post-77856","1":"product","2":"type-product","3":"status-publish","4":"has-post-thumbnail","6":"product_cat-damen-mode","7":"product_cat-hosen-damen-mode","8":"product_cat-regen-skihosen","9":"product_shipping_class-standard-versand","11":"first","12":"instock","13":"sale","14":"taxable","15":"shipping-taxable","16":"purchasable","17":"product-type-simple"},"_links":{"self":[{"href":"https:\/\/www.soanam.de\/en\/wp-json\/wp\/v2\/product\/77856","targetHints":{"allow":["GET"]}}],"collection":[{"href":"https:\/\/www.soanam.de\/en\/wp-json\/wp\/v2\/product"}],"about":[{"href":"https:\/\/www.soanam.de\/en\/wp-json\/wp\/v2\/types\/product"}],"replies":[{"embeddable":true,"href":"https:\/\/www.soanam.de\/en\/wp-json\/wp\/v2\/comments?post=77856"}],"wp:featuredmedia":[{"embeddable":true,"href":"https:\/\/www.soanam.de\/en\/wp-json\/wp\/v2\/media\/77964"}],"wp:attachment":[{"href":"https:\/\/www.soanam.de\/en\/wp-json\/wp\/v2\/media?parent=77856"}],"wp:term":[{"taxonomy":"product_brand","embeddable":true,"href":"https:\/\/www.soanam.de\/en\/wp-json\/wp\/v2\/product_brand?post=77856"},{"taxonomy":"product_cat","embeddable":true,"href":"https:\/\/www.soanam.de\/en\/wp-json\/wp\/v2\/product_cat?post=77856"},{"taxonomy":"product_tag","embeddable":true,"href":"https:\/\/www.soanam.de\/en\/wp-json\/wp\/v2\/product_tag?post=77856"}],"curies":[{"name":"wp","href":"https:\/\/api.w.org\/{rel}","templated":true}]}}