{"id":77825,"date":"2023-12-13T21:01:17","date_gmt":"2023-12-13T20:01:17","guid":{"rendered":"https:\/\/www.soanam.de\/?post_type=product&#038;p=77825"},"modified":"2023-12-13T21:03:34","modified_gmt":"2023-12-13T20:03:34","slug":"windsor-edler-damen-rollkragenpullover-aus-reiner-schurwolle-gr-40","status":"publish","type":"product","link":"https:\/\/www.soanam.de\/en\/produkt\/windsor-edler-damen-rollkragenpullover-aus-reiner-schurwolle-gr-40\/","title":{"rendered":"Windsor - Noble women's turtleneck sweater made of pure new wool, size 40"},"content":{"rendered":"<h3>Description<\/h3>\n<p>Der Pullover von Windsor ist aus reiner Schurwolle gefertigt und gerade geschnitten.<br \/>\nEr kommt mit Rollkragen, \u00fcberschnittenen Schultern und gerippten Abschl\u00fcssen.<\/p>\n<p>Marke: Windsor<br \/>\nGender: Ladies<br \/>\nSize: 40<br \/>\nMaterial: 100% virgin wool<br \/>\nMuster: UNI<br \/>\nFarbe: Kitt<br \/>\nR\u00fcckenl\u00e4nge bei Gr\u00f6\u00dfe 36: 58 cm<\/p>","protected":false},"excerpt":{"rendered":"<h3>Artikelmerkmale<\/h3>\n<p>Item condition: New with label: New, unused and unworn item in its original packaging<\/p>\n<table border=\"0\" frame=\"VOID\" rules=\"NONE\" cellspacing=\"0\">\n<colgroup>\n<col width=\"186\" \/>\n<col width=\"258\" \/><\/colgroup>\n<tbody>\n<tr>\n<td align=\"LEFT\" width=\"186\" height=\"18\">Abteilung:<\/td>\n<td align=\"LEFT\" width=\"258\">Damen<\/td>\n<\/tr>\n<tr>\n<td align=\"LEFT\" height=\"18\">Akzente:<\/td>\n<td align=\"LEFT\">ohne<\/td>\n<\/tr>\n<tr>\n<td align=\"LEFT\" height=\"18\">\u00c4rmell\u00e4nge:<\/td>\n<td align=\"LEFT\">Long sleeve<\/td>\n<\/tr>\n<tr>\n<td align=\"LEFT\" height=\"18\">Ausschnitt:<\/td>\n<td align=\"LEFT\">Turtleneck<\/td>\n<\/tr>\n<tr>\n<td align=\"LEFT\" height=\"18\">Besonderheiten:<\/td>\n<td align=\"LEFT\">\u00fcberschnittene Schultern<\/td>\n<\/tr>\n<tr>\n<td align=\"LEFT\" height=\"18\">Charakter:<\/td>\n<td align=\"LEFT\">ohne<\/td>\n<\/tr>\n<tr>\n<td align=\"LEFT\" height=\"17\">EAN:<\/td>\n<td align=\"LEFT\">7618464163464<\/td>\n<\/tr>\n<tr>\n<td align=\"LEFT\" height=\"18\">Color:<\/td>\n<td align=\"LEFT\">Kitt<\/td>\n<\/tr>\n<tr>\n<td align=\"LEFT\" height=\"18\">Gewebeart:<\/td>\n<td align=\"LEFT\">Strick<\/td>\n<\/tr>\n<tr>\n<td align=\"LEFT\" height=\"19\">Size:<\/td>\n<td align=\"LEFT\">40<\/td>\n<\/tr>\n<tr>\n<td align=\"LEFT\" height=\"18\">Gr\u00f6\u00dfenkategorie:<\/td>\n<td align=\"LEFT\">Normalgr\u00f6\u00dfe<\/td>\n<\/tr>\n<tr>\n<td align=\"LEFT\" height=\"18\">Jahreszeit:<\/td>\n<td align=\"LEFT\">Winter<\/td>\n<\/tr>\n<tr>\n<td align=\"LEFT\" height=\"18\">Marke:<\/td>\n<td align=\"LEFT\">Windsor<\/td>\n<\/tr>\n<tr>\n<td align=\"LEFT\" height=\"18\">Material:<\/td>\n<td align=\"LEFT\">Schurwolle<\/td>\n<\/tr>\n<tr>\n<td align=\"LEFT\" height=\"18\">Muster:<\/td>\n<td align=\"LEFT\">Ohne Muster<\/td>\n<\/tr>\n<tr>\n<td align=\"LEFT\" height=\"18\">Fit:<\/td>\n<td align=\"LEFT\">Regular<\/td>\n<\/tr>\n<tr>\n<td align=\"LEFT\" height=\"18\">Produktart:<\/td>\n<td align=\"LEFT\">Pullover<\/td>\n<\/tr>\n<tr>\n<td align=\"LEFT\" height=\"18\">Stil:<\/td>\n<td align=\"LEFT\">Pullover<\/td>\n<\/tr>\n<tr>\n<td align=\"LEFT\" height=\"18\">Strickart:<\/td>\n<td align=\"LEFT\">Grobstrick<\/td>\n<\/tr>\n<tr>\n<td align=\"LEFT\" height=\"18\">Thema:<\/td>\n<td align=\"LEFT\">Designer<\/td>\n<\/tr>\n<tr>\n<td align=\"LEFT\" height=\"18\">Vintage:<\/td>\n<td align=\"LEFT\">Nein<\/td>\n<\/tr>\n<\/tbody>\n<\/table>","protected":false},"featured_media":77936,"comment_status":"open","ping_status":"closed","template":"","meta":{"_seopress_robots_primary_cat":"","_seopress_titles_title":"","_seopress_titles_desc":"","_seopress_robots_index":""},"product_brand":[],"product_cat":[1348,1456,1457],"product_tag":[],"class_list":{"0":"post-77825","1":"product","2":"type-product","3":"status-publish","4":"has-post-thumbnail","6":"product_cat-damen-mode","7":"product_cat-pullover-sweater","8":"product_cat-rollkragenpullover","9":"product_shipping_class-standard-versand","11":"first","12":"instock","13":"sale","14":"taxable","15":"shipping-taxable","16":"purchasable","17":"product-type-simple"},"_links":{"self":[{"href":"https:\/\/www.soanam.de\/en\/wp-json\/wp\/v2\/product\/77825","targetHints":{"allow":["GET"]}}],"collection":[{"href":"https:\/\/www.soanam.de\/en\/wp-json\/wp\/v2\/product"}],"about":[{"href":"https:\/\/www.soanam.de\/en\/wp-json\/wp\/v2\/types\/product"}],"replies":[{"embeddable":true,"href":"https:\/\/www.soanam.de\/en\/wp-json\/wp\/v2\/comments?post=77825"}],"wp:featuredmedia":[{"embeddable":true,"href":"https:\/\/www.soanam.de\/en\/wp-json\/wp\/v2\/media\/77936"}],"wp:attachment":[{"href":"https:\/\/www.soanam.de\/en\/wp-json\/wp\/v2\/media?parent=77825"}],"wp:term":[{"taxonomy":"product_brand","embeddable":true,"href":"https:\/\/www.soanam.de\/en\/wp-json\/wp\/v2\/product_brand?post=77825"},{"taxonomy":"product_cat","embeddable":true,"href":"https:\/\/www.soanam.de\/en\/wp-json\/wp\/v2\/product_cat?post=77825"},{"taxonomy":"product_tag","embeddable":true,"href":"https:\/\/www.soanam.de\/en\/wp-json\/wp\/v2\/product_tag?post=77825"}],"curies":[{"name":"wp","href":"https:\/\/api.w.org\/{rel}","templated":true}]}}