{"id":77787,"date":"2023-12-13T21:00:25","date_gmt":"2023-12-13T20:00:25","guid":{"rendered":"https:\/\/www.soanam.de\/?post_type=product&#038;p=77787"},"modified":"2023-12-13T21:02:52","modified_gmt":"2023-12-13T20:02:52","slug":"melrose-lederimitathose-in-schwarz-groesse-42","status":"publish","type":"product","link":"https:\/\/www.soanam.de\/en\/produkt\/melrose-lederimitathose-in-schwarz-groesse-42\/","title":{"rendered":"Melrose imitation leather trousers, in black, size 42"},"content":{"rendered":"<p>R\u00f6hrenhose in Leder-Optik<br \/>\nMit Rei\u00dfverschl\u00fcssen am Saum<br \/>\nWeiche beschichtete Viskose-Qualit\u00e4t<\/p>\n<p>Geschnitten wie eine R\u00f6hren-Jeans sitzt die Lederimitathose super eng und ist dabei total bequem.<br \/>\nDie vorderen Eingrifftaschen sind angedeutet und mit dekorativen Nieten besetzt, die Taschen hinten mit Steppn\u00e4hten verziert.<\/p>\n<p>Material: Obermaterial: 100% Viskose. Beschichtung: 100% Polyurethan<br \/>\nCare instructions: Gentle wash<\/p>\n<p>Color: black<br \/>\nGr\u00f6\u00dfe: EUR 42<\/p>\n<p>Waist size: 88cm<br \/>\nHip circumference: 102cm<br \/>\nStep length:70cm<br \/>\nTotal length: 98cm<\/p>","protected":false},"excerpt":{"rendered":"<table class=\"dv_characteristicsTable\">\n<tbody>\n<tr>\n<td class=\"left\">Size<\/td>\n<td>42<\/td>\n<\/tr>\n<tr>\n<td class=\"left\">Gr\u00f6\u00dfentyp<\/td>\n<td>Normalgr\u00f6\u00dfen<\/td>\n<\/tr>\n<tr>\n<td class=\"left\">Material composition<\/td>\n<td>Obermaterial: 100% Viskose. Beschichtung: 100% Polyurethan<\/td>\n<\/tr>\n<tr>\n<td class=\"left\">Materialart<\/td>\n<td>Web<\/td>\n<\/tr>\n<tr>\n<td class=\"left\">Care instructions<\/td>\n<td>Schonw\u00e4sche<\/td>\n<\/tr>\n<tr>\n<td class=\"left\">Optik<\/td>\n<td>unifarben<\/td>\n<\/tr>\n<tr>\n<td class=\"left\">Stil<\/td>\n<td>feminin<\/td>\n<\/tr>\n<tr>\n<td class=\"left\">Color<\/td>\n<td>schwarz<\/td>\n<\/tr>\n<tr>\n<td class=\"left\">Leibh\u00f6he<\/td>\n<td>sehr niedrig<\/td>\n<\/tr>\n<tr>\n<td class=\"left\">Beinabschluss<\/td>\n<td>abgesteppt<\/td>\n<\/tr>\n<tr>\n<td class=\"left\">Beinform<\/td>\n<td>R\u00f6hre<\/td>\n<\/tr>\n<tr>\n<td class=\"left\">Beinabschlussdetails<\/td>\n<td>mit Rei\u00dfverschluss<\/td>\n<\/tr>\n<tr>\n<td class=\"left\">Fit<\/td>\n<td>schmal<\/td>\n<\/tr>\n<tr>\n<td class=\"left\">Schnittform L\u00e4nge<\/td>\n<td>lang<\/td>\n<\/tr>\n<tr>\n<td class=\"left\">Belt loops<\/td>\n<td>ja<\/td>\n<\/tr>\n<tr>\n<td class=\"left\">Bags<\/td>\n<td>Ges\u00e4\u00dftaschen, Faketaschen<\/td>\n<\/tr>\n<tr>\n<td class=\"left\">Verschluss<\/td>\n<td>Knopf, Rei\u00dfverschluss<\/td>\n<\/tr>\n<tr>\n<td class=\"left\">Besondere Merkmale<\/td>\n<td>mit Rei\u00dfverschl\u00fcssen am Saum<\/td>\n<\/tr>\n<tr>\n<td class=\"left\">Gr\u00f6\u00dfenhinweis<\/td>\n<td>F\u00e4llt eng aus, bitte eine Gr\u00f6\u00dfe gr\u00f6\u00dfer bestellen.<\/td>\n<\/tr>\n<\/tbody>\n<\/table>","protected":false},"featured_media":77897,"comment_status":"open","ping_status":"closed","template":"","meta":{"_seopress_robots_primary_cat":"","_seopress_titles_title":"","_seopress_titles_desc":"","_seopress_robots_index":""},"product_brand":[],"product_cat":[1348,1349,1395],"product_tag":[],"class_list":{"0":"post-77787","1":"product","2":"type-product","3":"status-publish","4":"has-post-thumbnail","6":"product_cat-damen-mode","7":"product_cat-hosen-damen-mode","8":"product_cat-lederhosen","9":"product_shipping_class-standard-versand","11":"first","12":"instock","13":"taxable","14":"shipping-taxable","15":"purchasable","16":"product-type-simple"},"_links":{"self":[{"href":"https:\/\/www.soanam.de\/en\/wp-json\/wp\/v2\/product\/77787","targetHints":{"allow":["GET"]}}],"collection":[{"href":"https:\/\/www.soanam.de\/en\/wp-json\/wp\/v2\/product"}],"about":[{"href":"https:\/\/www.soanam.de\/en\/wp-json\/wp\/v2\/types\/product"}],"replies":[{"embeddable":true,"href":"https:\/\/www.soanam.de\/en\/wp-json\/wp\/v2\/comments?post=77787"}],"wp:featuredmedia":[{"embeddable":true,"href":"https:\/\/www.soanam.de\/en\/wp-json\/wp\/v2\/media\/77897"}],"wp:attachment":[{"href":"https:\/\/www.soanam.de\/en\/wp-json\/wp\/v2\/media?parent=77787"}],"wp:term":[{"taxonomy":"product_brand","embeddable":true,"href":"https:\/\/www.soanam.de\/en\/wp-json\/wp\/v2\/product_brand?post=77787"},{"taxonomy":"product_cat","embeddable":true,"href":"https:\/\/www.soanam.de\/en\/wp-json\/wp\/v2\/product_cat?post=77787"},{"taxonomy":"product_tag","embeddable":true,"href":"https:\/\/www.soanam.de\/en\/wp-json\/wp\/v2\/product_tag?post=77787"}],"curies":[{"name":"wp","href":"https:\/\/api.w.org\/{rel}","templated":true}]}}