{"id":77761,"date":"2023-12-13T20:59:58","date_gmt":"2023-12-13T19:59:58","guid":{"rendered":"https:\/\/www.soanam.de\/?post_type=product&#038;p=77761"},"modified":"2023-12-13T21:02:34","modified_gmt":"2023-12-13T20:02:34","slug":"sisalsaeckchen-fuer-festes-shampoo-oder-seife-aus-naturfasern-14-x-95-cm","status":"publish","type":"product","link":"https:\/\/www.soanam.de\/en\/produkt\/sisalsaeckchen-fuer-festes-shampoo-oder-seife-aus-naturfasern-14-x-95-cm\/","title":{"rendered":"Sisal bag for solid shampoo or soap, made of natural fibers, 14 x 9.5 cm"},"content":{"rendered":"<h3><strong>Product description<\/strong><\/h3>\n<p>Das Sisals\u00e4ckchen aus Naturfasern ist ein echtes Multitalent und die perfekte Erg\u00e4nzung zu unseren festen Shampoos.<\/p>\n<p>Unser Sisals\u00e4ckchen ist ideal zur Aufbewahrung und Verwendung von festem Shampoo, Seife sowie Seifen- oder Shampooresten geeignet.<br \/>\nW\u00e4hrend der Anwendung im S\u00e4ckchen wird das feste Shampoo durch die Struktur der Naturfaser wunderbar aufgesch\u00e4umt und h\u00e4lt so noch l\u00e4nger.<\/p>\n<p>Aber auch sonst ist das S\u00e4ckchen ein echtes Multitalent und auf Reisen als Transportverpackung oder Ablagem\u00f6glichkeit der perfekte Begleiter.<\/p>\n<p>Masse: 14 cm (H\u00f6he) x 9.5 cm (Breite)<\/p>\n<p>Lieferumfang: 1 Sisals\u00e4ckchen, die abgebildeten Shampoos sind nicht im Lieferumfang enthalten.<\/p>","protected":false},"excerpt":{"rendered":"<p>Artikelmerkmale<\/p>\n<p>Artikelzustand: Neu: - Neuer, unbenutzter und unbesch\u00e4digter Artikel in der unge\u00f6ffneten Verpackung<\/p>\n<table style=\"border-collapse: collapse;width: 432pt\" width=\"576\">\n<tbody>\n<tr style=\"height: 15.0pt\">\n<td class=\"xl65\" style=\"width: 193pt;height: 15.0pt\" width=\"257\" height=\"20\">Besonderheiten:<\/td>\n<td class=\"xl65\" style=\"width: 239pt\" width=\"319\">Reines Naturprodukt<\/td>\n<\/tr>\n<tr style=\"height: 15.0pt\">\n<td class=\"xl65\" style=\"height: 15.0pt\" height=\"20\">Color:<\/td>\n<td class=\"xl65\">Nature<\/td>\n<\/tr>\n<tr style=\"height: 15.0pt\">\n<td class=\"xl65\" style=\"height: 15.0pt\" height=\"20\">Size:<\/td>\n<td class=\"xl65\">Medium<\/td>\n<\/tr>\n<tr style=\"height: 15.0pt\">\n<td class=\"xl65\" style=\"height: 15.0pt\" height=\"20\">Marke:<\/td>\n<td class=\"xl65\">PonyHat<\/td>\n<\/tr>\n<tr style=\"height: 15.0pt\">\n<td class=\"xl65\" style=\"height: 15.0pt\" height=\"20\">Produktart:<\/td>\n<td class=\"xl65\">Seifens\u00e4ckchen<\/td>\n<\/tr>\n<\/tbody>\n<\/table>","protected":false},"featured_media":77885,"comment_status":"open","ping_status":"closed","template":"","meta":{"_seopress_robots_primary_cat":"","_seopress_titles_title":"","_seopress_titles_desc":"","_seopress_robots_index":""},"product_brand":[],"product_cat":[1442,1449],"product_tag":[],"class_list":{"0":"post-77761","1":"product","2":"type-product","3":"status-publish","4":"has-post-thumbnail","6":"product_cat-kosmetik","7":"product_cat-sonstiges-kosmetik","8":"product_shipping_class-standard-versand","10":"first","11":"instock","12":"sale","13":"taxable","14":"shipping-taxable","15":"purchasable","16":"product-type-simple"},"_links":{"self":[{"href":"https:\/\/www.soanam.de\/en\/wp-json\/wp\/v2\/product\/77761","targetHints":{"allow":["GET"]}}],"collection":[{"href":"https:\/\/www.soanam.de\/en\/wp-json\/wp\/v2\/product"}],"about":[{"href":"https:\/\/www.soanam.de\/en\/wp-json\/wp\/v2\/types\/product"}],"replies":[{"embeddable":true,"href":"https:\/\/www.soanam.de\/en\/wp-json\/wp\/v2\/comments?post=77761"}],"wp:featuredmedia":[{"embeddable":true,"href":"https:\/\/www.soanam.de\/en\/wp-json\/wp\/v2\/media\/77885"}],"wp:attachment":[{"href":"https:\/\/www.soanam.de\/en\/wp-json\/wp\/v2\/media?parent=77761"}],"wp:term":[{"taxonomy":"product_brand","embeddable":true,"href":"https:\/\/www.soanam.de\/en\/wp-json\/wp\/v2\/product_brand?post=77761"},{"taxonomy":"product_cat","embeddable":true,"href":"https:\/\/www.soanam.de\/en\/wp-json\/wp\/v2\/product_cat?post=77761"},{"taxonomy":"product_tag","embeddable":true,"href":"https:\/\/www.soanam.de\/en\/wp-json\/wp\/v2\/product_tag?post=77761"}],"curies":[{"name":"wp","href":"https:\/\/api.w.org\/{rel}","templated":true}]}}