{"id":77657,"date":"2023-12-13T20:57:45","date_gmt":"2023-12-13T19:57:45","guid":{"rendered":"https:\/\/www.soanam.de\/?post_type=product&#038;p=77657"},"modified":"2023-12-13T21:00:42","modified_gmt":"2023-12-13T20:00:42","slug":"lascana-jeggings-mit-reissverschluss-in-schwarz-groesse-38","status":"publish","type":"product","link":"https:\/\/www.soanam.de\/en\/produkt\/lascana-jeggings-mit-reissverschluss-in-schwarz-groesse-38\/","title":{"rendered":"LASCANA Jeggings mit Rei\u00dfverschluss, in Schwarz, Gr\u00f6\u00dfe 38"},"content":{"rendered":"<p>Slim-fit jeggings from Lascana<br \/>\nModischer High-Waist-Schnitt<br \/>\nGlatter Bund vorne, Rei\u00dfverschluss hinten<br \/>\nSchmeichelnde Schnittf\u00fchrung in der Taille<br \/>\nDenimqualit\u00e4t mit Stretchanteil in leichter Used-Waschung<\/p>\n<p>Eine super bequeme High Waist Jeggings, die Deine Figur exklusiv zur Geltung bringt.<br \/>\nDie schmale Passform sorgen f\u00fcr eine schlanke Silhouette, der Rei\u00dfverschluss hinten f\u00fcr das gewisse Etwas.<br \/>\nThe soft stretch fabric makes these trousers comfortable to wear.<\/p>\n<p>Material: 98% cotton, 2% elastane<br \/>\nCare instructions: Machine washable at 30\u00b0<\/p>\n<p>Color: black<br \/>\nSize: EUR 38<\/p>\n<p>Waist size: 74cm<br \/>\nHip circumference: 82cm<br \/>\nStep length:70cm<br \/>\nTotal length: 100cm<\/p>","protected":false},"excerpt":{"rendered":"<table class=\"dv_characteristicsTable\">\n<tbody>\n<tr>\n<td class=\"left\">Size<\/td>\n<td>38<\/td>\n<\/tr>\n<tr>\n<td class=\"left\">Gr\u00f6\u00dfentyp<\/td>\n<td>Normalgr\u00f6\u00dfen<\/td>\n<\/tr>\n<tr>\n<td class=\"left\">Material composition<\/td>\n<td>Obermaterial: 98% Baumwolle, 2% Elasthan<\/td>\n<\/tr>\n<tr>\n<td class=\"left\">Materialart<\/td>\n<td>Denim<\/td>\n<\/tr>\n<tr>\n<td class=\"left\">Materialeigenschaften<\/td>\n<td>Stretch<\/td>\n<\/tr>\n<tr>\n<td class=\"left\">Care instructions<\/td>\n<td>Machine wash<\/td>\n<\/tr>\n<tr>\n<td class=\"left\">Stil<\/td>\n<td>modisch<\/td>\n<\/tr>\n<tr>\n<td class=\"left\">Color<\/td>\n<td>schwarz<\/td>\n<\/tr>\n<tr>\n<td class=\"left\">Leibh\u00f6he<\/td>\n<td>hoch<\/td>\n<\/tr>\n<tr>\n<td class=\"left\">Bundabschluss<\/td>\n<td>breiter Bund<\/td>\n<\/tr>\n<tr>\n<td class=\"left\">Beinabschluss<\/td>\n<td>gerader Abschluss<\/td>\n<\/tr>\n<tr>\n<td class=\"left\">Beinform<\/td>\n<td>schmal<\/td>\n<\/tr>\n<tr>\n<td class=\"left\">Fit<\/td>\n<td>figurbetont<\/td>\n<\/tr>\n<tr>\n<td class=\"left\">Schnittform L\u00e4nge<\/td>\n<td>lang<\/td>\n<\/tr>\n<tr>\n<td class=\"left\">Verschluss<\/td>\n<td>Zipper<\/td>\n<\/tr>\n<tr>\n<td class=\"left\">Verschlussdetails<\/td>\n<td>hinten<\/td>\n<\/tr>\n<tr>\n<td class=\"left\">Besondere Merkmale<\/td>\n<td>mit Rei\u00dfverschluss hinten<\/td>\n<\/tr>\n<\/tbody>\n<\/table>","protected":false},"featured_media":77797,"comment_status":"open","ping_status":"closed","template":"","meta":{"_seopress_robots_primary_cat":"","_seopress_titles_title":"","_seopress_titles_desc":"","_seopress_robots_index":""},"product_brand":[],"product_cat":[1348,1349,1350],"product_tag":[],"class_list":{"0":"post-77657","1":"product","2":"type-product","3":"status-publish","4":"has-post-thumbnail","6":"product_cat-damen-mode","7":"product_cat-hosen-damen-mode","8":"product_cat-jeans-hosen-damen-mode","9":"product_shipping_class-standard-versand","11":"first","12":"instock","13":"sale","14":"taxable","15":"shipping-taxable","16":"purchasable","17":"product-type-simple"},"_links":{"self":[{"href":"https:\/\/www.soanam.de\/en\/wp-json\/wp\/v2\/product\/77657","targetHints":{"allow":["GET"]}}],"collection":[{"href":"https:\/\/www.soanam.de\/en\/wp-json\/wp\/v2\/product"}],"about":[{"href":"https:\/\/www.soanam.de\/en\/wp-json\/wp\/v2\/types\/product"}],"replies":[{"embeddable":true,"href":"https:\/\/www.soanam.de\/en\/wp-json\/wp\/v2\/comments?post=77657"}],"wp:featuredmedia":[{"embeddable":true,"href":"https:\/\/www.soanam.de\/en\/wp-json\/wp\/v2\/media\/77797"}],"wp:attachment":[{"href":"https:\/\/www.soanam.de\/en\/wp-json\/wp\/v2\/media?parent=77657"}],"wp:term":[{"taxonomy":"product_brand","embeddable":true,"href":"https:\/\/www.soanam.de\/en\/wp-json\/wp\/v2\/product_brand?post=77657"},{"taxonomy":"product_cat","embeddable":true,"href":"https:\/\/www.soanam.de\/en\/wp-json\/wp\/v2\/product_cat?post=77657"},{"taxonomy":"product_tag","embeddable":true,"href":"https:\/\/www.soanam.de\/en\/wp-json\/wp\/v2\/product_tag?post=77657"}],"curies":[{"name":"wp","href":"https:\/\/api.w.org\/{rel}","templated":true}]}}