{"id":77656,"date":"2023-12-13T20:57:45","date_gmt":"2023-12-13T19:57:45","guid":{"rendered":"https:\/\/www.soanam.de\/?post_type=product&#038;p=77656"},"modified":"2023-12-13T21:00:36","modified_gmt":"2023-12-13T20:00:36","slug":"ikea-backabro-bezug-fuer-2-er-bettsofa-hylte-in-beige-303-232-54","status":"publish","type":"product","link":"https:\/\/www.soanam.de\/en\/produkt\/ikea-backabro-bezug-fuer-2-er-bettsofa-hylte-in-beige-303-232-54\/","title":{"rendered":"IKEA Backabro cover for 2-seater sofa bed Hylte in beige 303.232.54"},"content":{"rendered":"<h3>Description:<\/h3>\n<p>Passend f\u00fcr 2-er Bettsofa<br \/>\nBreite \u00d7 Tiefe \u00d7 H\u00f6he in cm: H\u00f6he 71 cm, Breite 168 cm, L\u00e4nge 88 cm<br \/>\nBettgr\u00f6sse in cm: 120\u00d7200 cm<br \/>\nMaterial: 78% Baumwolle, 22% Polyester<br \/>\nHerstellernummer: 303.232.54<br \/>\nStil: Modern<br \/>\nProduktart: Bezug<br \/>\nProduktlinie: Hylte beige<br \/>\nFarbe: Beige<\/p>\n<p>&nbsp;<\/p>","protected":false},"excerpt":{"rendered":"<h3>Artikelmerkmale:<\/h3>\n<p>Artikelzustand: Neu: Neuer, unbenutzter und unbesch\u00e4digter Artikel in nicht ge\u00f6ffneter Originalverpackung<br \/>\nBreite: 168 cm<br \/>\nFarbe: Beige<br \/>\nGeeignet f\u00fcr: 2-Sitzer-Sofa<br \/>\nGewicht: 7 kg<br \/>\nHerstellernummer: 303.232.54<br \/>\nH\u00f6he: 71 cm<br \/>\nL\u00e4nge: 88 cm<br \/>\nMarke: IKEA<br \/>\nMarkenkompatibilit\u00e4t: F\u00fcr IKEA<br \/>\nMaterial: Baumwolle, Polyester<br \/>\nModell: Hylte beige<br \/>\nModellkompatibilit\u00e4t: F\u00fcr IKEA Backabro<br \/>\nProduktart: Schonbezug<br \/>\nProduktlinie: IKEA Backabro<\/p>","protected":false},"featured_media":77791,"comment_status":"open","ping_status":"closed","template":"","meta":{"_seopress_robots_primary_cat":"","_seopress_titles_title":"","_seopress_titles_desc":"","_seopress_robots_index":""},"product_brand":[],"product_cat":[1400,1401],"product_tag":[],"class_list":{"0":"post-77656","1":"product","2":"type-product","3":"status-publish","4":"has-post-thumbnail","6":"product_cat-wohnzubehoer","7":"product_cat-haushaltswaren","8":"product_shipping_class-standard-versand","10":"first","11":"instock","12":"sale","13":"taxable","14":"shipping-taxable","15":"purchasable","16":"product-type-simple"},"_links":{"self":[{"href":"https:\/\/www.soanam.de\/en\/wp-json\/wp\/v2\/product\/77656","targetHints":{"allow":["GET"]}}],"collection":[{"href":"https:\/\/www.soanam.de\/en\/wp-json\/wp\/v2\/product"}],"about":[{"href":"https:\/\/www.soanam.de\/en\/wp-json\/wp\/v2\/types\/product"}],"replies":[{"embeddable":true,"href":"https:\/\/www.soanam.de\/en\/wp-json\/wp\/v2\/comments?post=77656"}],"wp:featuredmedia":[{"embeddable":true,"href":"https:\/\/www.soanam.de\/en\/wp-json\/wp\/v2\/media\/77791"}],"wp:attachment":[{"href":"https:\/\/www.soanam.de\/en\/wp-json\/wp\/v2\/media?parent=77656"}],"wp:term":[{"taxonomy":"product_brand","embeddable":true,"href":"https:\/\/www.soanam.de\/en\/wp-json\/wp\/v2\/product_brand?post=77656"},{"taxonomy":"product_cat","embeddable":true,"href":"https:\/\/www.soanam.de\/en\/wp-json\/wp\/v2\/product_cat?post=77656"},{"taxonomy":"product_tag","embeddable":true,"href":"https:\/\/www.soanam.de\/en\/wp-json\/wp\/v2\/product_tag?post=77656"}],"curies":[{"name":"wp","href":"https:\/\/api.w.org\/{rel}","templated":true}]}}