{"id":77612,"date":"2023-12-13T20:56:55","date_gmt":"2023-12-13T19:56:55","guid":{"rendered":"https:\/\/www.soanam.de\/?post_type=product&#038;p=77612"},"modified":"2023-12-13T20:59:54","modified_gmt":"2023-12-13T19:59:54","slug":"gang-skinny-fit-jeans-medina-in-rinsed-groesse-w28","status":"publish","type":"product","link":"https:\/\/www.soanam.de\/en\/produkt\/gang-skinny-fit-jeans-medina-in-rinsed-groesse-w28\/","title":{"rendered":"GANG Skinny-fit-Jeans MEDINA, in Rinsed, Gr\u00f6\u00dfe W28"},"content":{"rendered":"<p>Skinny Jeans Medina von GANG<br \/>\nSkinny fit mit normaler Leibh\u00f6he<br \/>\nHalb verdeckte Knopfleiste<br \/>\nTiefere Ges\u00e4\u00dftaschen mit Teilungsn\u00e4hten<br \/>\nTolle Shaping Wirkung<\/p>\n<p>Die Used-Jeans gibt dir einen modernen Look mit offener Knopfleiste, authentischer Waschung und zahlreichen dekorativen Teilungsn\u00e4hten und Kontrastteilen.<br \/>\nTiefe Taschen formen feminine Rundungen und verleihen dem Design ein l\u00e4ssiges Flair.<br \/>\nDank strapazierf\u00e4higer Fasern verleiht dir der Stretch-Denim ein angenehmes Tragegef\u00fchl und eine flexible Passform.<\/p>\n<p>Material: 89% Baumwolle, 9% Polyester, 2% Elasthan<br \/>\nCare instructions: Machine washable at 30\u00b0<\/p>\n<p>Color: rinsed<br \/>\nGr\u00f6\u00dfe: W28<\/p>\n<p>Waist size: 77cm<br \/>\nHip circumference: 89cm<br \/>\nStep length:78cm<br \/>\nTotal length: 105cm<\/p>","protected":false},"excerpt":{"rendered":"<table class=\"dv_characteristicsTable\">\n<tbody>\n<tr>\n<td class=\"left\">Size<\/td>\n<td>28<\/td>\n<\/tr>\n<tr>\n<td class=\"left\">Gr\u00f6\u00dfentyp<\/td>\n<td>Normalgr\u00f6\u00dfen<\/td>\n<\/tr>\n<tr>\n<td class=\"left\">Material composition<\/td>\n<td>Obermaterial: 89% Baumwolle, 9% Polyester, 2% Elasthan<\/td>\n<\/tr>\n<tr>\n<td class=\"left\">Materialhinweis<\/td>\n<td>enth\u00e4lt nichttextile Teile tierischen Ursprungs<\/td>\n<\/tr>\n<tr>\n<td class=\"left\">Materialart<\/td>\n<td>Denim<\/td>\n<\/tr>\n<tr>\n<td class=\"left\">Materialeigenschaften<\/td>\n<td>elastisch<\/td>\n<\/tr>\n<tr>\n<td class=\"left\">Care instructions<\/td>\n<td>Machine wash<\/td>\n<\/tr>\n<tr>\n<td class=\"left\">Stil<\/td>\n<td>modisch<\/td>\n<\/tr>\n<tr>\n<td class=\"left\">Waschung<\/td>\n<td>stone, washed<\/td>\n<\/tr>\n<tr>\n<td class=\"left\">Herstellerfarbbezeichnung<\/td>\n<td>prewashed (rinsed)<\/td>\n<\/tr>\n<tr>\n<td class=\"left\">Color<\/td>\n<td>rinsed<\/td>\n<\/tr>\n<tr>\n<td class=\"left\">Leibh\u00f6he<\/td>\n<td>normal<\/td>\n<\/tr>\n<tr>\n<td class=\"left\">Bundabschluss<\/td>\n<td>angesetztes B\u00fcndchen<\/td>\n<\/tr>\n<tr>\n<td class=\"left\">Beinform<\/td>\n<td>schmal<\/td>\n<\/tr>\n<tr>\n<td class=\"left\">Beinabschluss<\/td>\n<td>abgesteppt<\/td>\n<\/tr>\n<tr>\n<td class=\"left\">Fit<\/td>\n<td>skinny fit<\/td>\n<\/tr>\n<tr>\n<td class=\"left\">Schnittform L\u00e4nge<\/td>\n<td>lang<\/td>\n<\/tr>\n<tr>\n<td class=\"left\">Belt loops<\/td>\n<td>ja<\/td>\n<\/tr>\n<tr>\n<td class=\"left\">Applikationen<\/td>\n<td>Markenlabel, Nieten<\/td>\n<\/tr>\n<tr>\n<td class=\"left\">Bags<\/td>\n<td>Eingrifftaschen, Ges\u00e4\u00dftaschen<\/td>\n<\/tr>\n<tr>\n<td class=\"left\">Verschluss<\/td>\n<td>Button placket<\/td>\n<\/tr>\n<tr>\n<td class=\"left\">Besondere Merkmale<\/td>\n<td>mit stylischer halb offener Knopfleiste<\/td>\n<\/tr>\n<\/tbody>\n<\/table>\n<p>&nbsp;<\/p>","protected":false},"featured_media":77753,"comment_status":"open","ping_status":"closed","template":"","meta":{"_seopress_robots_primary_cat":"","_seopress_titles_title":"","_seopress_titles_desc":"","_seopress_robots_index":""},"product_brand":[],"product_cat":[1348,1349,1350],"product_tag":[],"class_list":{"0":"post-77612","1":"product","2":"type-product","3":"status-publish","4":"has-post-thumbnail","6":"product_cat-damen-mode","7":"product_cat-hosen-damen-mode","8":"product_cat-jeans-hosen-damen-mode","9":"product_shipping_class-standard-versand","11":"first","12":"instock","13":"sale","14":"taxable","15":"shipping-taxable","16":"purchasable","17":"product-type-simple"},"_links":{"self":[{"href":"https:\/\/www.soanam.de\/en\/wp-json\/wp\/v2\/product\/77612","targetHints":{"allow":["GET"]}}],"collection":[{"href":"https:\/\/www.soanam.de\/en\/wp-json\/wp\/v2\/product"}],"about":[{"href":"https:\/\/www.soanam.de\/en\/wp-json\/wp\/v2\/types\/product"}],"replies":[{"embeddable":true,"href":"https:\/\/www.soanam.de\/en\/wp-json\/wp\/v2\/comments?post=77612"}],"wp:featuredmedia":[{"embeddable":true,"href":"https:\/\/www.soanam.de\/en\/wp-json\/wp\/v2\/media\/77753"}],"wp:attachment":[{"href":"https:\/\/www.soanam.de\/en\/wp-json\/wp\/v2\/media?parent=77612"}],"wp:term":[{"taxonomy":"product_brand","embeddable":true,"href":"https:\/\/www.soanam.de\/en\/wp-json\/wp\/v2\/product_brand?post=77612"},{"taxonomy":"product_cat","embeddable":true,"href":"https:\/\/www.soanam.de\/en\/wp-json\/wp\/v2\/product_cat?post=77612"},{"taxonomy":"product_tag","embeddable":true,"href":"https:\/\/www.soanam.de\/en\/wp-json\/wp\/v2\/product_tag?post=77612"}],"curies":[{"name":"wp","href":"https:\/\/api.w.org\/{rel}","templated":true}]}}