{"id":77586,"date":"2023-12-13T20:56:08","date_gmt":"2023-12-13T19:56:08","guid":{"rendered":"https:\/\/www.soanam.de\/?post_type=product&#038;p=77586"},"modified":"2023-12-13T20:59:29","modified_gmt":"2023-12-13T19:59:29","slug":"nn07-harvey-blazer-1044-navy-blau-faded-optik-groesse-xl","status":"publish","type":"product","link":"https:\/\/www.soanam.de\/en\/produkt\/nn07-harvey-blazer-1044-navy-blau-faded-optik-groesse-xl\/","title":{"rendered":"NN07 - Harvey Blazer 1044, Navy Blau, Faded-Optik, Gr\u00f6\u00dfe XL"},"content":{"rendered":"<h3>Description<\/h3>\n<p>Harvey Blazer 1044 ist aus einem gepeachten Gemisch aus flie\u00dfendem, weichem Lyocell, Leinen und Baumwolle gefertigt. Durch Waschungen wurde eine Faded-Optik erzielt. Dieses ungef\u00fctterte, unstrukturierte Sakko wird durch paspelierte Details an den Innenn\u00e4hten und durch eine Au\u00dfenschicht, die f\u00fcr ein sauberes, klares Finish sorgt, abgerundet.<\/p>\n<p>Regular Fit<br \/>\n2 eingen\u00e4hte Kn\u00f6pfe<br \/>\nZwei aufgesetzte Taschen vorne<br \/>\nEine paspelierte Tasche auf der Brust<br \/>\nAufgesetzte Tasche innen<br \/>\n\u00c4rmelfutter aus 100% Polyester<br \/>\n59% Lyocell, 18% Baumwolle, 23% Leinen<br \/>\nJai is 183 cm \/ 6'0 tall and wears a size M<br \/>\nUVP: EUR 379,-<\/p>","protected":false},"excerpt":{"rendered":"<h3>Artikelmerkmale<\/h3>\n<p>Item condition: New with label: New, unused and unworn item in its original packaging<\/p>\n<p>Abteilung: Herren<br \/>\nAktivit\u00e4t: Tanzen<br \/>\nAnlass: Freizeit, Business<br \/>\nAu\u00dfenmaterial: 59% Lyocell, 18% Baumwolle, 23% Leinen<br \/>\nBesonderheiten: Alle Jahreszeiten<br \/>\nCharakter: ohne<br \/>\nEAN: 5710464699966<br \/>\nColor: Blue<br \/>\nFuttermaterial: Polyester<br \/>\nGewebeart: Lycocell<br \/>\nSize: XL<br \/>\nGr\u00f6\u00dfenkategorie: Normalgr\u00f6\u00dfe<br \/>\nIsoliermaterial: Polyester<br \/>\nJahreszeit: Fr\u00fchling, Herbst<br \/>\nMarke: NN07<br \/>\nModell: Harvey 1044<br \/>\nPattern: Plain colors<br \/>\nProduktart: Blazer<br \/>\nStil: Blazer<br \/>\nThema: Elegant<br \/>\nClosure: Button<br \/>\nVintage: Nein<\/p>","protected":false},"featured_media":77728,"comment_status":"open","ping_status":"closed","template":"","meta":{"_seopress_robots_primary_cat":"","_seopress_titles_title":"","_seopress_titles_desc":"","_seopress_robots_index":""},"product_brand":[],"product_cat":[1345,1368,1369],"product_tag":[],"class_list":{"0":"post-77586","1":"product","2":"type-product","3":"status-publish","4":"has-post-thumbnail","6":"product_cat-herrenmode","7":"product_cat-anzuege-anzugsteile","8":"product_cat-sakkos","9":"product_shipping_class-standard-versand","11":"first","12":"instock","13":"sale","14":"taxable","15":"shipping-taxable","16":"purchasable","17":"product-type-simple"},"_links":{"self":[{"href":"https:\/\/www.soanam.de\/en\/wp-json\/wp\/v2\/product\/77586","targetHints":{"allow":["GET"]}}],"collection":[{"href":"https:\/\/www.soanam.de\/en\/wp-json\/wp\/v2\/product"}],"about":[{"href":"https:\/\/www.soanam.de\/en\/wp-json\/wp\/v2\/types\/product"}],"replies":[{"embeddable":true,"href":"https:\/\/www.soanam.de\/en\/wp-json\/wp\/v2\/comments?post=77586"}],"wp:featuredmedia":[{"embeddable":true,"href":"https:\/\/www.soanam.de\/en\/wp-json\/wp\/v2\/media\/77728"}],"wp:attachment":[{"href":"https:\/\/www.soanam.de\/en\/wp-json\/wp\/v2\/media?parent=77586"}],"wp:term":[{"taxonomy":"product_brand","embeddable":true,"href":"https:\/\/www.soanam.de\/en\/wp-json\/wp\/v2\/product_brand?post=77586"},{"taxonomy":"product_cat","embeddable":true,"href":"https:\/\/www.soanam.de\/en\/wp-json\/wp\/v2\/product_cat?post=77586"},{"taxonomy":"product_tag","embeddable":true,"href":"https:\/\/www.soanam.de\/en\/wp-json\/wp\/v2\/product_tag?post=77586"}],"curies":[{"name":"wp","href":"https:\/\/api.w.org\/{rel}","templated":true}]}}