{"id":77585,"date":"2023-12-13T20:56:08","date_gmt":"2023-12-13T19:56:08","guid":{"rendered":"https:\/\/www.soanam.de\/?post_type=product&#038;p=77585"},"modified":"2023-12-13T20:59:23","modified_gmt":"2023-12-13T19:59:23","slug":"arizona-slim-fit-jeans-mit-extra-breitem-bund-in-black-groesse-50","status":"publish","type":"product","link":"https:\/\/www.soanam.de\/en\/produkt\/arizona-slim-fit-jeans-mit-extra-breitem-bund-in-black-groesse-50\/","title":{"rendered":"Arizona Slim-fit-Jeans mit extra breitem Bund, in Black, Gr\u00f6\u00dfe 50"},"content":{"rendered":"<p>Arizona Slim-fit-Jeans mit extra breitem Bund<br \/>\nR\u00f6hre mit hoher Leibh\u00f6he<br \/>\nFigurstreckender Bund mit G\u00fcrtelschlaufen<br \/>\nvorn mit 3 Kn\u00f6pfen und Rei\u00dfverschluss zu schlie\u00dfen<\/p>\n<p>Die R\u00f6hrenjeans von Arizona macht mit ihrer hohen Leibh\u00f6he eine gute Figur.<br \/>\nDie High-waist-Jeans wirkt kaschierend am Bauch, der figurbetonte Schnitt der Five-Pocket-Jeans sitzt durch den Stretchanteil angenehm auf Figur.<br \/>\nBesonders dekorativ wirkt die Knopfleiste am Bund.<\/p>\n<p>Material: 98% cotton, 2% elastane<br \/>\nCare instructions: Machine wash at 40\u00b0<\/p>\n<p>Color: black<br \/>\nGr\u00f6\u00dfe: EUR 50<\/p>\n<p>Waist size: 108cm<br \/>\nH\u00fcftumfang: 121cm<br \/>\nSchrittl\u00e4nge:74cm<br \/>\nTotal length: 105cm<\/p>\n<p>This new item is a customer return without a label.<\/p>","protected":false},"excerpt":{"rendered":"<table class=\"dv_characteristicsTable\">\n<tbody>\n<tr>\n<td class=\"left\">Size<\/td>\n<td>50<\/td>\n<\/tr>\n<tr>\n<td class=\"left\">Gr\u00f6\u00dfentyp<\/td>\n<td>Normalgr\u00f6\u00dfen<\/td>\n<\/tr>\n<tr>\n<td class=\"left\">Material composition<\/td>\n<td>Obermaterial: 98% Baumwolle, 2% Elasthan<\/td>\n<\/tr>\n<tr>\n<td class=\"left\">Materialart<\/td>\n<td>Denim<\/td>\n<\/tr>\n<tr>\n<td class=\"left\">Materialeigenschaften<\/td>\n<td>elastisch<\/td>\n<\/tr>\n<tr>\n<td class=\"left\">Care instructions<\/td>\n<td>Machine wash<\/td>\n<\/tr>\n<tr>\n<td class=\"left\">Optik<\/td>\n<td>unifarben<\/td>\n<\/tr>\n<tr>\n<td class=\"left\">Stil<\/td>\n<td>casual<\/td>\n<\/tr>\n<tr>\n<td class=\"left\">Waschung<\/td>\n<td>dark<\/td>\n<\/tr>\n<tr>\n<td class=\"left\">Color<\/td>\n<td>black, overdyed<\/td>\n<\/tr>\n<tr>\n<td class=\"left\">Leibh\u00f6he<\/td>\n<td>hoch<\/td>\n<\/tr>\n<tr>\n<td class=\"left\">Beinform<\/td>\n<td>R\u00f6hre<\/td>\n<\/tr>\n<tr>\n<td class=\"left\">Schnittform L\u00e4nge<\/td>\n<td>lang<\/td>\n<\/tr>\n<tr>\n<td class=\"left\">Besondere Merkmale<\/td>\n<td>High Waist<\/td>\n<\/tr>\n<\/tbody>\n<\/table>","protected":false},"featured_media":77723,"comment_status":"open","ping_status":"closed","template":"","meta":{"_seopress_robots_primary_cat":"","_seopress_titles_title":"","_seopress_titles_desc":"","_seopress_robots_index":""},"product_brand":[],"product_cat":[1348,1349,1350],"product_tag":[],"class_list":{"0":"post-77585","1":"product","2":"type-product","3":"status-publish","4":"has-post-thumbnail","6":"product_cat-damen-mode","7":"product_cat-hosen-damen-mode","8":"product_cat-jeans-hosen-damen-mode","9":"product_shipping_class-standard-versand","11":"first","12":"instock","13":"sale","14":"taxable","15":"shipping-taxable","16":"purchasable","17":"product-type-simple"},"_links":{"self":[{"href":"https:\/\/www.soanam.de\/en\/wp-json\/wp\/v2\/product\/77585","targetHints":{"allow":["GET"]}}],"collection":[{"href":"https:\/\/www.soanam.de\/en\/wp-json\/wp\/v2\/product"}],"about":[{"href":"https:\/\/www.soanam.de\/en\/wp-json\/wp\/v2\/types\/product"}],"replies":[{"embeddable":true,"href":"https:\/\/www.soanam.de\/en\/wp-json\/wp\/v2\/comments?post=77585"}],"wp:featuredmedia":[{"embeddable":true,"href":"https:\/\/www.soanam.de\/en\/wp-json\/wp\/v2\/media\/77723"}],"wp:attachment":[{"href":"https:\/\/www.soanam.de\/en\/wp-json\/wp\/v2\/media?parent=77585"}],"wp:term":[{"taxonomy":"product_brand","embeddable":true,"href":"https:\/\/www.soanam.de\/en\/wp-json\/wp\/v2\/product_brand?post=77585"},{"taxonomy":"product_cat","embeddable":true,"href":"https:\/\/www.soanam.de\/en\/wp-json\/wp\/v2\/product_cat?post=77585"},{"taxonomy":"product_tag","embeddable":true,"href":"https:\/\/www.soanam.de\/en\/wp-json\/wp\/v2\/product_tag?post=77585"}],"curies":[{"name":"wp","href":"https:\/\/api.w.org\/{rel}","templated":true}]}}