{"id":77563,"date":"2023-12-13T20:55:45","date_gmt":"2023-12-13T19:55:45","guid":{"rendered":"https:\/\/www.soanam.de\/?post_type=product&#038;p=77563"},"modified":"2023-12-13T20:59:13","modified_gmt":"2023-12-13T19:59:13","slug":"100-natuerlich-vegan-indisches-gewuerz-kurkuma-turmeric-100g-gemahlen","status":"publish","type":"product","link":"https:\/\/www.soanam.de\/en\/produkt\/100-natuerlich-vegan-indisches-gewuerz-kurkuma-turmeric-100g-gemahlen\/","title":{"rendered":"100% natural &amp; vegan, Indian spice \"Turmeric\" Turmeric 100g ground"},"content":{"rendered":"<h3><strong>Product description<\/strong><\/h3>\n<p>Kurkuma angebaut in den h\u00fcgeligen Regionen des indischen Bundesstaates Andhra Pradesh mit mehr als 6% Curcumin-Gehalt<\/p>\n<p>Gewicht: 100 g<br \/>\nGr\u00f6\u00dfe: 17.6 \u00d7 11.9 \u00d7 3.5 cm<br \/>\nZutaten: Gemahlener indischer Kurkuma<\/p>\n<p><strong>Zusatzstoffe<\/strong><br \/>\n\u2013 Ohne Zusatzstoffe<br \/>\n\u2013 Ohne k\u00fcnstliche Farbstoffe<br \/>\n\u2013 Ohne k\u00fcnstliche Aromen<br \/>\n\u2013 Ohne Geschmacksverst\u00e4rker<br \/>\n\u2013 Ohne Konservierungsstoffe<br \/>\n\u2013 Ohne Zucker<br \/>\n\u2013 100% Vegan<\/p>\n<p><strong>Unvertr\u00e4glichkeiten<\/strong><br \/>\n\u2013 Laktosefrei<br \/>\n\u2013 Glutenfrei<\/p>\n<p><strong>Was ist Kurkuma?<\/strong><\/p>\n<p>Kurkuma wird \u00fcberwiegend in S\u00fcdostasien geerntet. In der Ayurveda-Medizin wird die Kurkuma-Pflanze bereits seit Tausenden Jahren f\u00fcr ihre Heilkraft verehrt. Als Pulver verleiht Kurkuma auch dem Curry Pulver seine charakteristische gelbe Farbe. Traditionell ist die Pflanze auch unter dem Begriff des \u201eindischen Safrans\u201c bekannt. Der wichtigste Inhaltsstoff des Kurkuma ist das sogenannte Curcumin. Diesem werden gesundheitsf\u00f6rdernde und entz\u00fcndungshemmende Wirkungen nachgesagt.<\/p>\n<p><strong>Kurkuma Pulver von Nature Spices<\/strong><\/p>\n<p>Unser Kurkuma wird in den h\u00fcgeligen Regionen des indischen Bundesstaates Andhra Pradesh angebaut. Die dort ans\u00e4ssigen Bauern, verwenden noch immer die alten Methoden der Landwirtschaft, um ihre Felder zu bestellen und ihre Ernte einzufahren. Wir beziehen unseren Kurkuma \u00fcber eine kooperative Gesellschaft von Stammesbauern, die sich auf eine gegenseitige Unterst\u00fctzung und eine bessere Nachhaltigkeit spezialisiert hat. Der Anbau der Gew\u00fcrze findet ohne jegliche Verwendung von k\u00fcnstlichen D\u00fcngern oder sonstiger chemischer Zus\u00e4tze statt.<br \/>\nUnsere hochwertigen Gew\u00fcrze werden direkt von handverlesenen Landwirten und Gro\u00dfh\u00e4ndlern in Indien bezogen und nach europ\u00e4ischen Herstellungs- und Hygienestandards durch unsere lokalen Produktionsst\u00e4tten verarbeitet und verpackt. Auf diese Weise k\u00f6nnen wir sicherstellen, dass du von einer Gew\u00fcrzproduktion ohne Zusatzstoffe und Verf\u00e4lschungen profitieren kannst. Du erh\u00e4ltst ein 100%iges, naturbelassenes indisches Gew\u00fcrzprodukt.<\/p>\n<p><strong>Verwendung von Kurkuma Pulver<\/strong><\/p>\n<p>Kurkuma eignet sich hervorragend f\u00fcr das indische Curry Pulver oder Curry Paste, den Kurkuma Latte Goldene Milch, als Avocado Gew\u00fcrz oder Avocado Topping oder im Salatdressing.<\/p>","protected":false},"excerpt":{"rendered":"<h3><strong>Artikelmerkmale<\/strong><\/h3>\n<p>Artikelzustand: Neu - Neuer, unbenutzter und unbesch\u00e4digter Artikel in der unge\u00f6ffneten Verpackung<\/p>\n<table width=\"1168\">\n<tbody>\n<tr>\n<td width=\"647\">Allergene:<\/td>\n<td width=\"521\">Nicht Zutreffend<\/td>\n<\/tr>\n<tr>\n<td>EAN:<\/td>\n<td>4270000293405<\/td>\n<\/tr>\n<tr>\n<td>Form:<\/td>\n<td>Pulver<\/td>\n<\/tr>\n<tr>\n<td>Gewicht:<\/td>\n<td>100 g<\/td>\n<\/tr>\n<tr>\n<td>L\u00e4nderk\u00fcche\/Region:<\/td>\n<td>Indisch<\/td>\n<\/tr>\n<tr>\n<td>Lebensmittelabteilung:<\/td>\n<td>Haltbare Lebensmittel<\/td>\n<\/tr>\n<tr>\n<td>Lebensmittelspezifikationen:<\/td>\n<td>Bio, Vegan<\/td>\n<\/tr>\n<tr>\n<td>Marke:<\/td>\n<td>Nature Spices<\/td>\n<\/tr>\n<tr>\n<td>Produkt:<\/td>\n<td>Gew\u00fcrz<\/td>\n<\/tr>\n<tr>\n<td>Produktart:<\/td>\n<td>Kurkuma<\/td>\n<\/tr>\n<\/tbody>\n<\/table>","protected":false},"featured_media":77716,"comment_status":"open","ping_status":"closed","template":"","meta":{"_seopress_robots_primary_cat":"","_seopress_titles_title":"","_seopress_titles_desc":"","_seopress_robots_index":""},"product_brand":[],"product_cat":[1730],"product_tag":[],"class_list":{"0":"post-77563","1":"product","2":"type-product","3":"status-publish","4":"has-post-thumbnail","6":"product_cat-sonstiges-2","7":"product_shipping_class-standard-versand","9":"first","10":"instock","11":"sale","12":"taxable","13":"shipping-taxable","14":"purchasable","15":"product-type-simple"},"_links":{"self":[{"href":"https:\/\/www.soanam.de\/en\/wp-json\/wp\/v2\/product\/77563","targetHints":{"allow":["GET"]}}],"collection":[{"href":"https:\/\/www.soanam.de\/en\/wp-json\/wp\/v2\/product"}],"about":[{"href":"https:\/\/www.soanam.de\/en\/wp-json\/wp\/v2\/types\/product"}],"replies":[{"embeddable":true,"href":"https:\/\/www.soanam.de\/en\/wp-json\/wp\/v2\/comments?post=77563"}],"wp:featuredmedia":[{"embeddable":true,"href":"https:\/\/www.soanam.de\/en\/wp-json\/wp\/v2\/media\/77716"}],"wp:attachment":[{"href":"https:\/\/www.soanam.de\/en\/wp-json\/wp\/v2\/media?parent=77563"}],"wp:term":[{"taxonomy":"product_brand","embeddable":true,"href":"https:\/\/www.soanam.de\/en\/wp-json\/wp\/v2\/product_brand?post=77563"},{"taxonomy":"product_cat","embeddable":true,"href":"https:\/\/www.soanam.de\/en\/wp-json\/wp\/v2\/product_cat?post=77563"},{"taxonomy":"product_tag","embeddable":true,"href":"https:\/\/www.soanam.de\/en\/wp-json\/wp\/v2\/product_tag?post=77563"}],"curies":[{"name":"wp","href":"https:\/\/api.w.org\/{rel}","templated":true}]}}