{"id":77486,"date":"2023-12-13T20:53:32","date_gmt":"2023-12-13T19:53:32","guid":{"rendered":"https:\/\/www.soanam.de\/?post_type=product&#038;p=77486"},"modified":"2023-12-13T20:57:12","modified_gmt":"2023-12-13T19:57:12","slug":"hessnatur-herren-wollfleese-jacke-aus-reiner-schnurwolle-anthrazit","status":"publish","type":"product","link":"https:\/\/www.soanam.de\/en\/produkt\/hessnatur-herren-wollfleese-jacke-aus-reiner-schnurwolle-anthrazit\/","title":{"rendered":"Hessnatur men's wool fleece jacket made from pure corded wool, anthracite"},"content":{"rendered":"<h3>Description<\/h3>\n<p>Functional fleece made from pure natural fibers<br \/>\nOrganic merino wool with climate control function<br \/>\nHohes W\u00e4rmeverm\u00f6gen, gleichzeitig sehr leicht<br \/>\nDynamische Teilungsn\u00e4hte<br \/>\nIntegrierte Zip-Taschen<br \/>\nWindfang und Kinnschutz am Rei\u00dfverschluss<br \/>\nStehkragen: innen hautsympathische Bio-Baumwolle<\/p>\n<p><strong>Fit<\/strong><br \/>\nIn Gr\u00f6\u00dfe 48 ca. 73 cm lang<\/p>\n<p><strong>Material<\/strong><br \/>\n100% Virgin wool<br \/>\nfrom organic animal husbandry<\/p>\n<p><strong>Care<\/strong><br \/>\nHand wash cold recommended<\/p>","protected":false},"excerpt":{"rendered":"<h3>Artikelmerkmale<\/h3>\n<p>Item condition: New with label: New, unused and unworn item in its original packaging<br \/>\nAbteilung: Herren<br \/>\nAktivit\u00e4t: Spazieren<br \/>\nAnlass: Freizeit<br \/>\nAu\u00dfenmaterial: Wolle<br \/>\nBesonderheiten: aus biologischer Tierhaltung<br \/>\nEAN: nichtzutreffend<br \/>\nFarbe: Grau<br \/>\nFuttermaterial: nicht zutreffend<br \/>\nGewebeart: Fleece<br \/>\nSize: 48<br \/>\nGr\u00f6\u00dfenkategorie: Normalgr\u00f6\u00dfe<br \/>\nIsoliermaterial: nicht zutreffend<br \/>\nJahreszeit: Fr\u00fchling, Herbst<br \/>\nMarke: Hessnatur<br \/>\nMuster: Ohne Muster<br \/>\nProduct type: Jacket<br \/>\nStil: Fleecejacke<br \/>\nThema: nat\u00fcrliche Qualit\u00e4t<br \/>\nClosure: zipper<br \/>\nVintage: Nein<\/p>","protected":false},"featured_media":77626,"comment_status":"open","ping_status":"closed","template":"","meta":{"_seopress_robots_primary_cat":"","_seopress_titles_title":"","_seopress_titles_desc":"","_seopress_robots_index":""},"product_brand":[],"product_cat":[1345,1363,1413],"product_tag":[],"class_list":{"0":"post-77486","1":"product","2":"type-product","3":"status-publish","4":"has-post-thumbnail","6":"product_cat-herrenmode","7":"product_cat-jacken-maentel-herrenmode","8":"product_cat-fleecejacken","9":"product_shipping_class-standard-versand","11":"first","12":"instock","13":"sale","14":"taxable","15":"shipping-taxable","16":"purchasable","17":"product-type-simple"},"_links":{"self":[{"href":"https:\/\/www.soanam.de\/en\/wp-json\/wp\/v2\/product\/77486","targetHints":{"allow":["GET"]}}],"collection":[{"href":"https:\/\/www.soanam.de\/en\/wp-json\/wp\/v2\/product"}],"about":[{"href":"https:\/\/www.soanam.de\/en\/wp-json\/wp\/v2\/types\/product"}],"replies":[{"embeddable":true,"href":"https:\/\/www.soanam.de\/en\/wp-json\/wp\/v2\/comments?post=77486"}],"wp:featuredmedia":[{"embeddable":true,"href":"https:\/\/www.soanam.de\/en\/wp-json\/wp\/v2\/media\/77626"}],"wp:attachment":[{"href":"https:\/\/www.soanam.de\/en\/wp-json\/wp\/v2\/media?parent=77486"}],"wp:term":[{"taxonomy":"product_brand","embeddable":true,"href":"https:\/\/www.soanam.de\/en\/wp-json\/wp\/v2\/product_brand?post=77486"},{"taxonomy":"product_cat","embeddable":true,"href":"https:\/\/www.soanam.de\/en\/wp-json\/wp\/v2\/product_cat?post=77486"},{"taxonomy":"product_tag","embeddable":true,"href":"https:\/\/www.soanam.de\/en\/wp-json\/wp\/v2\/product_tag?post=77486"}],"curies":[{"name":"wp","href":"https:\/\/api.w.org\/{rel}","templated":true}]}}