{"id":77485,"date":"2023-12-13T20:53:31","date_gmt":"2023-12-13T19:53:31","guid":{"rendered":"https:\/\/www.soanam.de\/?post_type=product&#038;p=77485"},"modified":"2023-12-13T20:57:10","modified_gmt":"2023-12-13T19:57:10","slug":"ltb-skinny-fit-jeans-amy-in-grau-w31","status":"publish","type":"product","link":"https:\/\/www.soanam.de\/en\/produkt\/ltb-skinny-fit-jeans-amy-in-grau-w31\/","title":{"rendered":"LTB skinny-fit jeans AMY, in gray, W31"},"content":{"rendered":"<p>High waist jeans AMY by LTB in best brand quality<br \/>\nWith long, close-fitting legs in a skinny fit<br \/>\nWith belt loops, zipper, 5-pocket style<br \/>\nMade from a stretchy cotton blend with stretch content<\/p>\n<p>The extra-tight fit with a fashionable high waistband shows off your legs to their best advantage and gives these 5-pocket jeans plenty of class.<br \/>\nThese skinny jeans fit like a second skin and are still very comfortable thanks to the high-quality denim with stretch.<\/p>\n<p>Material: 86% Baumwolle, 12% Polyester, 2% Elasthan<br \/>\nCare instructions: Machine washable at 30\u00b0<\/p>\n<p>Farbe: TAISSA WASH 52921<br \/>\nGr\u00f6\u00dfe: W31<\/p>\n<p>Waist size: 80cm<br \/>\nHip circumference: 91cm<br \/>\nStep length:79cm<br \/>\nTotal length: 111cm<\/p>","protected":false},"excerpt":{"rendered":"<table class=\"dv_characteristicsTable\">\n<tbody>\n<tr>\n<td class=\"left\">Material composition<\/td>\n<td>Obermaterial: 86% Baumwolle, 12% Polyester, 2% Elasthan<\/td>\n<\/tr>\n<tr>\n<td class=\"left\">Materialart<\/td>\n<td>Denim<\/td>\n<\/tr>\n<tr>\n<td class=\"left\">Materialeigenschaften<\/td>\n<td>Stretch, elastisch, pflegeleicht<\/td>\n<\/tr>\n<tr>\n<td class=\"left\">Care instructions<\/td>\n<td>Machine wash<\/td>\n<\/tr>\n<tr>\n<td class=\"left\">Stil<\/td>\n<td>casual<\/td>\n<\/tr>\n<tr>\n<td class=\"left\">Waschung<\/td>\n<td>washed, Denim<\/td>\n<\/tr>\n<tr>\n<td class=\"left\">Herstellerfarbbezeichnung<\/td>\n<td>TAISSA WASH<\/td>\n<\/tr>\n<tr>\n<td class=\"left\">Color<\/td>\n<td>grau, grey<\/td>\n<\/tr>\n<tr>\n<td class=\"left\">Leibh\u00f6he<\/td>\n<td>hoch<\/td>\n<\/tr>\n<tr>\n<td class=\"left\">Bundabschluss<\/td>\n<td>normaler Saum<\/td>\n<\/tr>\n<tr>\n<td class=\"left\">Beinform<\/td>\n<td>extra-eng<\/td>\n<\/tr>\n<tr>\n<td class=\"left\">Fit<\/td>\n<td>skinny fit<\/td>\n<\/tr>\n<tr>\n<td class=\"left\">Schnittdetails<\/td>\n<td>keine<\/td>\n<\/tr>\n<tr>\n<td class=\"left\">Schnittform L\u00e4nge<\/td>\n<td>lang<\/td>\n<\/tr>\n<tr>\n<td class=\"left\">Belt loops<\/td>\n<td>ja<\/td>\n<\/tr>\n<tr>\n<td class=\"left\">Applikationen<\/td>\n<td>Leder-Badge, Markenlabel, Nieten<\/td>\n<\/tr>\n<tr>\n<td class=\"left\">Bags<\/td>\n<td>Ges\u00e4\u00dftaschen, Eingrifftasche, M\u00fcnztasche<\/td>\n<\/tr>\n<tr>\n<td class=\"left\">Verschluss<\/td>\n<td>Knopf, Rei\u00dfverschluss<\/td>\n<\/tr>\n<tr>\n<td class=\"left\">Verschlussdetails<\/td>\n<td>vorn<\/td>\n<\/tr>\n<tr>\n<td class=\"left\">Besondere Merkmale<\/td>\n<td>mit langem, extra engem Beinverlauf, hoher Leibh\u00f6he und mit Stretch-Anteil im 5-Pocket Stil<\/td>\n<\/tr>\n<\/tbody>\n<\/table>","protected":false},"featured_media":77623,"comment_status":"open","ping_status":"closed","template":"","meta":{"_seopress_robots_primary_cat":"","_seopress_titles_title":"","_seopress_titles_desc":"","_seopress_robots_index":""},"product_brand":[],"product_cat":[1348,1349,1350],"product_tag":[],"class_list":{"0":"post-77485","1":"product","2":"type-product","3":"status-publish","4":"has-post-thumbnail","6":"product_cat-damen-mode","7":"product_cat-hosen-damen-mode","8":"product_cat-jeans-hosen-damen-mode","9":"product_shipping_class-standard-versand","11":"first","12":"instock","13":"sale","14":"taxable","15":"shipping-taxable","16":"purchasable","17":"product-type-simple"},"_links":{"self":[{"href":"https:\/\/www.soanam.de\/en\/wp-json\/wp\/v2\/product\/77485","targetHints":{"allow":["GET"]}}],"collection":[{"href":"https:\/\/www.soanam.de\/en\/wp-json\/wp\/v2\/product"}],"about":[{"href":"https:\/\/www.soanam.de\/en\/wp-json\/wp\/v2\/types\/product"}],"replies":[{"embeddable":true,"href":"https:\/\/www.soanam.de\/en\/wp-json\/wp\/v2\/comments?post=77485"}],"wp:featuredmedia":[{"embeddable":true,"href":"https:\/\/www.soanam.de\/en\/wp-json\/wp\/v2\/media\/77623"}],"wp:attachment":[{"href":"https:\/\/www.soanam.de\/en\/wp-json\/wp\/v2\/media?parent=77485"}],"wp:term":[{"taxonomy":"product_brand","embeddable":true,"href":"https:\/\/www.soanam.de\/en\/wp-json\/wp\/v2\/product_brand?post=77485"},{"taxonomy":"product_cat","embeddable":true,"href":"https:\/\/www.soanam.de\/en\/wp-json\/wp\/v2\/product_cat?post=77485"},{"taxonomy":"product_tag","embeddable":true,"href":"https:\/\/www.soanam.de\/en\/wp-json\/wp\/v2\/product_tag?post=77485"}],"curies":[{"name":"wp","href":"https:\/\/api.w.org\/{rel}","templated":true}]}}