{"id":77447,"date":"2023-12-13T20:52:20","date_gmt":"2023-12-13T19:52:20","guid":{"rendered":"https:\/\/www.soanam.de\/?post_type=product&#038;p=77447"},"modified":"2023-12-13T20:56:04","modified_gmt":"2023-12-13T19:56:04","slug":"ltb-slim-fit-jeans-aspen-y-in-blue-washed-w27xl30","status":"publish","type":"product","link":"https:\/\/www.soanam.de\/en\/produkt\/ltb-slim-fit-jeans-aspen-y-in-blue-washed-w27xl30\/","title":{"rendered":"LTB slim-fit jeans Aspen Y, in Blue Washed, W27xL30"},"content":{"rendered":"<p>Mid Rise Slim Fit Jeans<br \/>\nSchmale Beinverlauf und mittlere Leibh\u00f6he<br \/>\n5-Pocket Style<br \/>\naufgesetzte Ges\u00e4\u00dftaschen<br \/>\nbew\u00e4hrte LTB Qualit\u00e4t mit hervorragendem Tragekomfort<\/p>\n<p>Die LTB \"Aspen Y\" mit normaler Leibh\u00f6he ist eine Slim-Jeans mit schmalem Beinverlauf.<br \/>\nAufgrund der mittleren Leibh\u00f6he sitzt dieses Modell leicht unterhalb des Bauchnabels locker auf der H\u00fcfte und eignet sich gut f\u00fcr alle Figurtypen.<br \/>\nDank der Waschung wird jedes Kleidungsst\u00fcck zu einem Einzelst\u00fcck.<\/p>\n<p>Material: 92% cotton, 6% polyester, 2% elastane<br \/>\nCare instructions: Machine washable at 30\u00b0<\/p>\n<p>Farbe: Sior Undamaged Wash (51787)a<br \/>\nGr\u00f6\u00dfe: W37 L30<\/p>\n<p>Bundweite: 75cm<br \/>\nHip circumference: 92cm<br \/>\nSchrittl\u00e4nge:75cm<br \/>\nTotal length: 105cm<\/p>\n<p>&nbsp;<\/p>\n<p>This new item is a customer return without a label.<\/p>","protected":false},"excerpt":{"rendered":"<table class=\"dv_characteristicsTable\">\n<tbody>\n<tr>\n<td class=\"left\">Size<\/td>\n<td>27W \/ 30L<\/td>\n<\/tr>\n<tr>\n<td class=\"left\">Material composition<\/td>\n<td>98% Baumwolle\/2% Elasthan<\/td>\n<\/tr>\n<tr>\n<td class=\"left\">Care instructions<\/td>\n<td>Machine wash<\/td>\n<\/tr>\n<tr>\n<td class=\"left\">Optik<\/td>\n<td>unifarben<\/td>\n<\/tr>\n<tr>\n<td class=\"left\">Stil<\/td>\n<td>modisch<\/td>\n<\/tr>\n<tr>\n<td class=\"left\">Color<\/td>\n<td>Sior Undamaged Wash (51787)a<\/td>\n<\/tr>\n<tr>\n<td class=\"left\">Leibh\u00f6he<\/td>\n<td>normal<\/td>\n<\/tr>\n<tr>\n<td class=\"left\">Beinform<\/td>\n<td>schmal<\/td>\n<\/tr>\n<tr>\n<td class=\"left\">Herstellerpassform<\/td>\n<td>slim<\/td>\n<\/tr>\n<tr>\n<td class=\"left\">Bags<\/td>\n<td>5-pocket style<\/td>\n<\/tr>\n<tr>\n<td class=\"left\">Verschluss<\/td>\n<td>Zipper<\/td>\n<\/tr>\n<tr>\n<td class=\"left\">Besondere Merkmale<\/td>\n<td>Jeanshose mit Stretch<\/td>\n<\/tr>\n<\/tbody>\n<\/table>","protected":false},"featured_media":77581,"comment_status":"open","ping_status":"closed","template":"","meta":{"_seopress_robots_primary_cat":"","_seopress_titles_title":"","_seopress_titles_desc":"","_seopress_robots_index":""},"product_brand":[],"product_cat":[1348,1349,1350],"product_tag":[],"class_list":{"0":"post-77447","1":"product","2":"type-product","3":"status-publish","4":"has-post-thumbnail","6":"product_cat-damen-mode","7":"product_cat-hosen-damen-mode","8":"product_cat-jeans-hosen-damen-mode","9":"product_shipping_class-standard-versand","11":"first","12":"instock","13":"sale","14":"taxable","15":"shipping-taxable","16":"purchasable","17":"product-type-simple"},"_links":{"self":[{"href":"https:\/\/www.soanam.de\/en\/wp-json\/wp\/v2\/product\/77447","targetHints":{"allow":["GET"]}}],"collection":[{"href":"https:\/\/www.soanam.de\/en\/wp-json\/wp\/v2\/product"}],"about":[{"href":"https:\/\/www.soanam.de\/en\/wp-json\/wp\/v2\/types\/product"}],"replies":[{"embeddable":true,"href":"https:\/\/www.soanam.de\/en\/wp-json\/wp\/v2\/comments?post=77447"}],"wp:featuredmedia":[{"embeddable":true,"href":"https:\/\/www.soanam.de\/en\/wp-json\/wp\/v2\/media\/77581"}],"wp:attachment":[{"href":"https:\/\/www.soanam.de\/en\/wp-json\/wp\/v2\/media?parent=77447"}],"wp:term":[{"taxonomy":"product_brand","embeddable":true,"href":"https:\/\/www.soanam.de\/en\/wp-json\/wp\/v2\/product_brand?post=77447"},{"taxonomy":"product_cat","embeddable":true,"href":"https:\/\/www.soanam.de\/en\/wp-json\/wp\/v2\/product_cat?post=77447"},{"taxonomy":"product_tag","embeddable":true,"href":"https:\/\/www.soanam.de\/en\/wp-json\/wp\/v2\/product_tag?post=77447"}],"curies":[{"name":"wp","href":"https:\/\/api.w.org\/{rel}","templated":true}]}}