{"id":77372,"date":"2023-12-13T20:49:53","date_gmt":"2023-12-13T19:49:53","guid":{"rendered":"https:\/\/www.soanam.de\/?post_type=product&#038;p=77372"},"modified":"2023-12-13T20:55:04","modified_gmt":"2023-12-13T19:55:04","slug":"herzens-angelegenheit-seidenbluse-eis-cremefarben-m-pinkem-eis-am-stiel-gr-40","status":"publish","type":"product","link":"https:\/\/www.soanam.de\/en\/produkt\/herzens-angelegenheit-seidenbluse-eis-cremefarben-m-pinkem-eis-am-stiel-gr-40\/","title":{"rendered":"Herzens Angelegenheit Seidenbluse Eis, cremefarben m. pinkem Eis am Stiel, Gr.40"},"content":{"rendered":"<h3>Description<\/h3>\n<p>Na dieses Muster ist doch ein s\u00fc\u00dfer Hingucker bei der Seidenbluse vom deutschen Modelabel HERZENSANGELEGENHEIT. Ein blaues P\u00fcnktchen Muster und rosafarbenes Eis am Stiel Muster vers\u00fc\u00dft diese Bluse. Die Seidenbluse hat einen Rundhalsausschnitt, der in einen V-Schlitz \u00fcbergeht. An den Seitenn\u00e4hten sind Schlitze versehen und das R\u00fcckenteil der Bluse ist l\u00e4nger geschnitten. Die \u00c4rmelmanschetten werden mit matt silbernen Perlenkn\u00f6pfen geschlossen.<\/p>\n<h3>Details:<\/h3>\n<p>Material: 62% Seide, 29% Viskose, 9% Elasthan<br \/>\nPflegehinweis: Handw\u00e4sche<br \/>\nFarbe: Meringue\/Pool<br \/>\nSize: 40<br \/>\nV-Ausschnitt<br \/>\nStraight cut<br \/>\nManschette<br \/>\nGemustert<br \/>\nFokuhila<\/p>","protected":false},"excerpt":{"rendered":"<h3>Artikelmerkmale<\/h3>\n<p>Item condition: New with label: New, unused and unworn item in its original packaging<\/p>\n<p>Abteilung: Damen<br \/>\nAkzente: Falten<br \/>\nAnlass: Business, Elegant, Freizeit, Party\/Cocktail<br \/>\n\u00c4rmelart: lange \u00c4rmel mit Manschette<br \/>\nSleeve length: Long sleeve<br \/>\nNeckline: V-neck<br \/>\nBesonderheiten: Alle Jahreszeiten<br \/>\nCharakter: ohne<br \/>\nEAN: nichtzutreffend<br \/>\nColor: Cream<br \/>\nGewebeart: Satin<br \/>\nSize: 40<br \/>\nGr\u00f6\u00dfenkategorie: Normalgr\u00f6\u00dfe<br \/>\nJahreszeit: Fr\u00fchling, Herbst, Winter<br \/>\nKragenart: kragenlos<br \/>\nMarke: Herzensangelegenheit<br \/>\nMaterial: Seide<br \/>\nMuster: Eis am Stiel<br \/>\nPassform: Regular<br \/>\nProduktart: Bluse<br \/>\nStil: Tunika<br \/>\nTextilpflege: Nur Handw\u00e4sche<br \/>\nThema: Eis<br \/>\nTr\u00e4ger-\/Riemenart: Nicht zutreffend<br \/>\nVintage: Nein<\/p>","protected":false},"featured_media":77527,"comment_status":"open","ping_status":"closed","template":"","meta":{"_seopress_robots_primary_cat":"","_seopress_titles_title":"","_seopress_titles_desc":"","_seopress_robots_index":""},"product_brand":[],"product_cat":[1348,1414,1415],"product_tag":[],"class_list":{"0":"post-77372","1":"product","2":"type-product","3":"status-publish","4":"has-post-thumbnail","6":"product_cat-damen-mode","7":"product_cat-blusen","8":"product_cat-langarm","9":"product_shipping_class-standard-versand","11":"first","12":"instock","13":"sale","14":"taxable","15":"shipping-taxable","16":"purchasable","17":"product-type-simple"},"_links":{"self":[{"href":"https:\/\/www.soanam.de\/en\/wp-json\/wp\/v2\/product\/77372","targetHints":{"allow":["GET"]}}],"collection":[{"href":"https:\/\/www.soanam.de\/en\/wp-json\/wp\/v2\/product"}],"about":[{"href":"https:\/\/www.soanam.de\/en\/wp-json\/wp\/v2\/types\/product"}],"replies":[{"embeddable":true,"href":"https:\/\/www.soanam.de\/en\/wp-json\/wp\/v2\/comments?post=77372"}],"wp:featuredmedia":[{"embeddable":true,"href":"https:\/\/www.soanam.de\/en\/wp-json\/wp\/v2\/media\/77527"}],"wp:attachment":[{"href":"https:\/\/www.soanam.de\/en\/wp-json\/wp\/v2\/media?parent=77372"}],"wp:term":[{"taxonomy":"product_brand","embeddable":true,"href":"https:\/\/www.soanam.de\/en\/wp-json\/wp\/v2\/product_brand?post=77372"},{"taxonomy":"product_cat","embeddable":true,"href":"https:\/\/www.soanam.de\/en\/wp-json\/wp\/v2\/product_cat?post=77372"},{"taxonomy":"product_tag","embeddable":true,"href":"https:\/\/www.soanam.de\/en\/wp-json\/wp\/v2\/product_tag?post=77372"}],"curies":[{"name":"wp","href":"https:\/\/api.w.org\/{rel}","templated":true}]}}