{"id":77352,"date":"2023-12-13T20:49:26","date_gmt":"2023-12-13T19:49:26","guid":{"rendered":"https:\/\/www.soanam.de\/?post_type=product&#038;p=77352"},"modified":"2023-12-13T20:53:48","modified_gmt":"2023-12-13T19:53:48","slug":"replay-skinny-fit-jeans-new-luz-c-line-powerstretch-in-weiss-w28xl30","status":"publish","type":"product","link":"https:\/\/www.soanam.de\/en\/produkt\/replay-skinny-fit-jeans-new-luz-c-line-powerstretch-in-weiss-w28xl30\/","title":{"rendered":"Replay Skinny-fit-Jeans New Luz C Line Powerstretch, in Wei\u00df, W28xL30"},"content":{"rendered":"<p>Jeans \"NEW LUZ Powerstretch\" von Replay<br \/>\nSkinny Jeans mit niedriger Leibh\u00f6he<br \/>\n5-Pocket-Style mit markentypischem Labeling<br \/>\nDenimqualit\u00e4t mit hohem Komfort<\/p>\n<p>Mit ihrer klassischen 5-Pocket-Form und ihrem schmalen Schnitt mit niedriger Leibh\u00f6he pr\u00e4sentiert sich die Skinny-Jeans von ihrer besten Seite.<br \/>\nSie ist aus einer soften, anschmiegsamen Denimware gefertigt und bietet h\u00f6chsten Tragekomfort.<\/p>\n<p>Material: 98% cotton, 2% elastane<br \/>\nCare instructions: Machine washable at 30\u00b0<\/p>\n<p>Color: white<br \/>\nSize: W28 L30<\/p>\n<p>Waist size: 74cm<br \/>\nHip circumference: 82cm<br \/>\nStep length:76cm<br \/>\nGesamtl\u00e4nge: 101cm<\/p>","protected":false},"excerpt":{"rendered":"<table class=\"dv_characteristicsTable\">\n<tbody>\n<tr>\n<td class=\"left\">Size<\/td>\n<td>28<\/td>\n<\/tr>\n<tr>\n<td class=\"left\">Hosenl\u00e4nge<\/td>\n<td>30<\/td>\n<\/tr>\n<tr>\n<td class=\"left\">Material composition<\/td>\n<td>Obermaterial: 98% Baumwolle, 2% Elasthan<\/td>\n<\/tr>\n<tr>\n<td class=\"left\">Materialhinweis<\/td>\n<td>enth\u00e4lt nichttextile Teile tierischen Ursprungs<\/td>\n<\/tr>\n<tr>\n<td class=\"left\">Materialart<\/td>\n<td>Denim<\/td>\n<\/tr>\n<tr>\n<td class=\"left\">Materialeigenschaften<\/td>\n<td>elastisch, Stretch<\/td>\n<\/tr>\n<tr>\n<td class=\"left\">Care instructions<\/td>\n<td>Machine wash<\/td>\n<\/tr>\n<tr>\n<td class=\"left\">Stil<\/td>\n<td>casual<\/td>\n<\/tr>\n<tr>\n<td class=\"left\">Herstellerfarbbezeichnung<\/td>\n<td>white<\/td>\n<\/tr>\n<tr>\n<td class=\"left\">Color<\/td>\n<td>white<\/td>\n<\/tr>\n<tr>\n<td class=\"left\">Leibh\u00f6he<\/td>\n<td>niedrig<\/td>\n<\/tr>\n<tr>\n<td class=\"left\">Beinform<\/td>\n<td>schmal<\/td>\n<\/tr>\n<tr>\n<td class=\"left\">Fit<\/td>\n<td>skinny fit<\/td>\n<\/tr>\n<tr>\n<td class=\"left\">Schnittform L\u00e4nge<\/td>\n<td>lang<\/td>\n<\/tr>\n<tr>\n<td class=\"left\">Belt loops<\/td>\n<td>ja<\/td>\n<\/tr>\n<tr>\n<td class=\"left\">Applikationen<\/td>\n<td>Markenlabel<\/td>\n<\/tr>\n<tr>\n<td class=\"left\">Bags<\/td>\n<td>Eingrifftaschen, Ges\u00e4\u00dftaschen, Coinpocket<\/td>\n<\/tr>\n<tr>\n<td class=\"left\">Verschluss<\/td>\n<td>1-Knopf-Form, Rei\u00dfverschluss<\/td>\n<\/tr>\n<tr>\n<td class=\"left\">Besondere Merkmale<\/td>\n<td>in angesagten Waschungen<\/td>\n<\/tr>\n<tr>\n<td class=\"left\">Gr\u00f6\u00dfenhinweis<\/td>\n<td>F\u00e4llt eng aus, bitte eine Gr\u00f6\u00dfe gr\u00f6\u00dfer bestellen.<\/td>\n<\/tr>\n<\/tbody>\n<\/table>","protected":false},"featured_media":77497,"comment_status":"open","ping_status":"closed","template":"","meta":{"_seopress_robots_primary_cat":"","_seopress_titles_title":"","_seopress_titles_desc":"","_seopress_robots_index":""},"product_brand":[],"product_cat":[1348,1349,1350],"product_tag":[],"class_list":{"0":"post-77352","1":"product","2":"type-product","3":"status-publish","4":"has-post-thumbnail","6":"product_cat-damen-mode","7":"product_cat-hosen-damen-mode","8":"product_cat-jeans-hosen-damen-mode","9":"product_shipping_class-standard-versand","11":"first","12":"instock","13":"sale","14":"taxable","15":"shipping-taxable","16":"purchasable","17":"product-type-simple"},"_links":{"self":[{"href":"https:\/\/www.soanam.de\/en\/wp-json\/wp\/v2\/product\/77352","targetHints":{"allow":["GET"]}}],"collection":[{"href":"https:\/\/www.soanam.de\/en\/wp-json\/wp\/v2\/product"}],"about":[{"href":"https:\/\/www.soanam.de\/en\/wp-json\/wp\/v2\/types\/product"}],"replies":[{"embeddable":true,"href":"https:\/\/www.soanam.de\/en\/wp-json\/wp\/v2\/comments?post=77352"}],"wp:featuredmedia":[{"embeddable":true,"href":"https:\/\/www.soanam.de\/en\/wp-json\/wp\/v2\/media\/77497"}],"wp:attachment":[{"href":"https:\/\/www.soanam.de\/en\/wp-json\/wp\/v2\/media?parent=77352"}],"wp:term":[{"taxonomy":"product_brand","embeddable":true,"href":"https:\/\/www.soanam.de\/en\/wp-json\/wp\/v2\/product_brand?post=77352"},{"taxonomy":"product_cat","embeddable":true,"href":"https:\/\/www.soanam.de\/en\/wp-json\/wp\/v2\/product_cat?post=77352"},{"taxonomy":"product_tag","embeddable":true,"href":"https:\/\/www.soanam.de\/en\/wp-json\/wp\/v2\/product_tag?post=77352"}],"curies":[{"name":"wp","href":"https:\/\/api.w.org\/{rel}","templated":true}]}}