{"id":77338,"date":"2023-12-13T20:48:48","date_gmt":"2023-12-13T19:48:48","guid":{"rendered":"https:\/\/www.soanam.de\/?post_type=product&#038;p=77338"},"modified":"2023-12-13T20:53:29","modified_gmt":"2023-12-13T19:53:29","slug":"logitech-webcam-c920-hd-pro-1080p-full-high-definition-mit-mikrofon-stream-skype","status":"publish","type":"product","link":"https:\/\/www.soanam.de\/en\/produkt\/logitech-webcam-c920-hd-pro-1080p-full-high-definition-mit-mikrofon-stream-skype\/","title":{"rendered":"Logitech Webcam C920 HD PRO 1080p Full High Definition with Microphone Stream Skype"},"content":{"rendered":"<p>Logitech C920 Webcam 1920 x 1080 Pixel USB 2.0 Schwarz - Webcams (1920 x 1080 Pixel, 1080p,720p, H.264, 15 MP, USB 2.0, Schwarz)<\/p>\n<p>Stil: Ohne Privatsph\u00e4ren - Blende<br \/>\nMarke: Logitech<br \/>\nModell\/Serie: C920 HD Pro Webcam<br \/>\nAnschl\u00fcsse: USB 2.0<br \/>\nArtikelgewicht: 113 Gramm<\/p>\n<p>Videoaufnahmeaufl\u00f6sung: 1080p<br \/>\nOptische Sensortechnologie: CCD<br \/>\nGr\u00f6\u00dfe des optischen Sensors: 3MP<br \/>\nMaximale Fokall\u00e4nge: 1 Millimeter<\/p>\n<h3>Info about this article<\/h3>\n<p>FULL HD 1080P WEB CAM: Nehmen Sie lebendige HD-Videoclips auf, deren Bildqualit\u00e4t bei 30 Bildern pro Sekunde realistisch und rein ist. Erfassen Sie kleinste Details mit der fortschrittlichen H.264-Komprimierungstechnologie. Holen Sie sich schnelle, reibungslose Uploads 1099p vedio. Die Webcam ist \u00fcber den USB-Anschluss verf\u00fcgbar und erfordert kein zus\u00e4tzliches Laufwerk, Plug-and-Play.<\/p>\n<p>EINFACHE EINRICHTUNG: Plug-and-Play-USB-Webcam mit Mikrofon f\u00fcr PC-Laptop und verstellbarer Basis, Stativ-f\u00e4higer Clip. Sie k\u00f6nnen sich an Sorten anpassen, die Schreibtisch, Boden, Treppe, Zaun, Garten, Au\u00dfenbereich m\u00f6gen.<\/p>\n<p>HIGH CLEAR MIC: Eingebautes digitales Stereomikrofon mit Ger\u00e4uschunterdr\u00fcckungsfunktion. Machen Sie Ihre Kommunikation w\u00e4hrend der Videozeit klar wie ein pers\u00f6nliches Gespr\u00e4ch. Holen Sie sich einen perfekten Videoanruf. Videoanrufe, Lernen, Online-Unterricht, Konferenzen, Aufzeichnen, Spielen und Live-\u00dcbertragungen sind so einfach durchzuf\u00fchren.<\/p>\n<p>BREITE KOMPATIBILIT\u00c4T: Die HD-Webcam ist mit Windows Mac Chrome OS, Smart TV und Android kompatibel. Die meisten Social Media-Plattformen werden f\u00fcr Skype, TIK TOK, MSN Messenger, Windows Live Messenger und Yahoo Video Messenger unterst\u00fctzt.<\/p>","protected":false},"excerpt":{"rendered":"<h3>Artikelmerkmale<\/h3>\n<p>Artikelzustand: Neuer, unbenutzter und nicht getragener Artikel in der Originalverpackung<\/p>\n<p>Angebotspaket: Nein<br \/>\nBefestigung: Universalhalterung<br \/>\nBesonderheiten: Integriertes Mikrofon, Autofokus<br \/>\nBilder pro Sekunde: 30<br \/>\nBildfrequenz: 30 fps<br \/>\nBreite: 71mm<br \/>\nEAN: 509920606137<br \/>\nColor: Black<br \/>\nFunktionen: Auto-Belichtung<br \/>\nHerstellergarantie: 2 Jahre<br \/>\nHerstellernummer: 960-001055, 960-000769, 960-000768<br \/>\nCountry and region of manufacture: Germany<br \/>\nH\u00f6he: 43mm<br \/>\nKonnektivit\u00e4t: USB 2.0<br \/>\nL\u00e4nge: 94mm<br \/>\nMarke: Logitech<br \/>\nMax. Aufl\u00f6sung (Bild): 1920\u00d71080<br \/>\nMax. Aufl\u00f6sung (Video): 1920 x 1080<br \/>\nMaximale Bildaufl\u00f6sung: 1920 x 1080<br \/>\nMaximale Videoaufl\u00f6sung: 1080p<br \/>\nMikrofon integriert: Ja<br \/>\nModell: HD Pro Webcam C920<br \/>\nVerbindung: USB 2.0<\/p>","protected":false},"featured_media":77475,"comment_status":"open","ping_status":"closed","template":"","meta":{"_seopress_robots_primary_cat":"","_seopress_titles_title":"","_seopress_titles_desc":"","_seopress_robots_index":""},"product_brand":[],"product_cat":[1400,1411],"product_tag":[],"class_list":{"0":"post-77338","1":"product","2":"type-product","3":"status-publish","4":"has-post-thumbnail","6":"product_cat-wohnzubehoer","7":"product_cat-elektrogeraete","8":"product_shipping_class-standard-versand","10":"first","11":"instock","12":"sale","13":"taxable","14":"shipping-taxable","15":"purchasable","16":"product-type-simple"},"_links":{"self":[{"href":"https:\/\/www.soanam.de\/en\/wp-json\/wp\/v2\/product\/77338","targetHints":{"allow":["GET"]}}],"collection":[{"href":"https:\/\/www.soanam.de\/en\/wp-json\/wp\/v2\/product"}],"about":[{"href":"https:\/\/www.soanam.de\/en\/wp-json\/wp\/v2\/types\/product"}],"replies":[{"embeddable":true,"href":"https:\/\/www.soanam.de\/en\/wp-json\/wp\/v2\/comments?post=77338"}],"wp:featuredmedia":[{"embeddable":true,"href":"https:\/\/www.soanam.de\/en\/wp-json\/wp\/v2\/media\/77475"}],"wp:attachment":[{"href":"https:\/\/www.soanam.de\/en\/wp-json\/wp\/v2\/media?parent=77338"}],"wp:term":[{"taxonomy":"product_brand","embeddable":true,"href":"https:\/\/www.soanam.de\/en\/wp-json\/wp\/v2\/product_brand?post=77338"},{"taxonomy":"product_cat","embeddable":true,"href":"https:\/\/www.soanam.de\/en\/wp-json\/wp\/v2\/product_cat?post=77338"},{"taxonomy":"product_tag","embeddable":true,"href":"https:\/\/www.soanam.de\/en\/wp-json\/wp\/v2\/product_tag?post=77338"}],"curies":[{"name":"wp","href":"https:\/\/api.w.org\/{rel}","templated":true}]}}