{"id":77337,"date":"2023-12-13T20:48:47","date_gmt":"2023-12-13T19:48:47","guid":{"rendered":"https:\/\/www.soanam.de\/?post_type=product&#038;p=77337"},"modified":"2023-12-13T20:53:04","modified_gmt":"2023-12-13T19:53:04","slug":"only-high-waist-jeans-royal-in-schwarz-gr-mxl30","status":"publish","type":"product","link":"https:\/\/www.soanam.de\/en\/produkt\/only-high-waist-jeans-royal-in-schwarz-gr-mxl30\/","title":{"rendered":"Only High-Waist-Jeans ROYAL, in Schwarz, Gr. MxL30"},"content":{"rendered":"<p>High Waist-Jeans \"Royal\" von ONLY<br \/>\nSkinny-Fit Passform<br \/>\nIn a 5-pocket style<br \/>\nWeiche Denimqualit\u00e4t mit Stretchanteil<\/p>\n<p>Die Skinny-Jeans Royal von Only ist super bequem und modisch zugleich. Die R\u00f6hrenjeans mit hohem Bundgenau punktet auch mit klassischen Elementen wie dem G\u00fcrtelschlaufenbund und den typischen Ges\u00e4\u00dftaschen. Durch die stretchige und trageangenehme Denimqualit\u00e4t engt sie nicht ein und ist sehr komfortabel.<\/p>\n<p>Material: 69% Baumwolle, 29% Polyester, 2% Elasthan<br \/>\nCare instructions: Machine wash at 40\u00b0<\/p>\n<p>Color: black<br \/>\nGr\u00f6\u00dfe: M L30<\/p>\n<p>Bundweite: 64cm<br \/>\nH\u00fcftumfang: 81cm<br \/>\nSchrittl\u00e4nge:74cm<br \/>\nGesamtl\u00e4nge: 101cm<\/p>","protected":false},"excerpt":{"rendered":"<table class=\"dv_characteristicsTable\">\n<tbody>\n<tr>\n<td class=\"left\">Size<\/td>\n<td>M<\/td>\n<\/tr>\n<tr>\n<td class=\"left\">Hosenl\u00e4nge<\/td>\n<td>30<\/td>\n<\/tr>\n<tr>\n<td class=\"left\">Material composition<\/td>\n<td>Obermaterial: 69% Baumwolle, 29% Polyester, 2% Elasthan<\/td>\n<\/tr>\n<tr>\n<td class=\"left\">Materialart<\/td>\n<td>Denim<\/td>\n<\/tr>\n<tr>\n<td class=\"left\">Materialeigenschaften<\/td>\n<td>Stretch<\/td>\n<\/tr>\n<tr>\n<td class=\"left\">Care instructions<\/td>\n<td>Machine wash<\/td>\n<\/tr>\n<tr>\n<td class=\"left\">Optik<\/td>\n<td>unifarben<\/td>\n<\/tr>\n<tr>\n<td class=\"left\">Stil<\/td>\n<td>Basic<\/td>\n<\/tr>\n<tr>\n<td class=\"left\">Herstellerfarbbezeichnung<\/td>\n<td>black<\/td>\n<\/tr>\n<tr>\n<td class=\"left\">Color<\/td>\n<td>schwarz<\/td>\n<\/tr>\n<tr>\n<td class=\"left\">Leibh\u00f6he<\/td>\n<td>hoch<\/td>\n<\/tr>\n<tr>\n<td class=\"left\">Beinform<\/td>\n<td>extra-eng<\/td>\n<\/tr>\n<tr>\n<td class=\"left\">Fit<\/td>\n<td>skinny fit<\/td>\n<\/tr>\n<tr>\n<td class=\"left\">Belt loops<\/td>\n<td>ja<\/td>\n<\/tr>\n<tr>\n<td class=\"left\">Bags<\/td>\n<td>Ges\u00e4\u00dftaschen, Eingrifftaschen, Coinpocket<\/td>\n<\/tr>\n<tr>\n<td class=\"left\">Besondere Merkmale<\/td>\n<td>im 5-Pocket-Design<\/td>\n<\/tr>\n<tr>\n<td class=\"left\">Gr\u00f6\u00dfenhinweis<\/td>\n<td>F\u00e4llt eng aus, bitte eine Gr\u00f6\u00dfe gr\u00f6\u00dfer bestellen.<\/td>\n<\/tr>\n<\/tbody>\n<\/table>","protected":false},"featured_media":77471,"comment_status":"open","ping_status":"closed","template":"","meta":{"_seopress_robots_primary_cat":"","_seopress_titles_title":"","_seopress_titles_desc":"","_seopress_robots_index":""},"product_brand":[],"product_cat":[1348,1349,1350],"product_tag":[],"class_list":{"0":"post-77337","1":"product","2":"type-product","3":"status-publish","4":"has-post-thumbnail","6":"product_cat-damen-mode","7":"product_cat-hosen-damen-mode","8":"product_cat-jeans-hosen-damen-mode","9":"product_shipping_class-standard-versand","11":"first","12":"instock","13":"sale","14":"taxable","15":"shipping-taxable","16":"purchasable","17":"product-type-simple"},"_links":{"self":[{"href":"https:\/\/www.soanam.de\/en\/wp-json\/wp\/v2\/product\/77337","targetHints":{"allow":["GET"]}}],"collection":[{"href":"https:\/\/www.soanam.de\/en\/wp-json\/wp\/v2\/product"}],"about":[{"href":"https:\/\/www.soanam.de\/en\/wp-json\/wp\/v2\/types\/product"}],"replies":[{"embeddable":true,"href":"https:\/\/www.soanam.de\/en\/wp-json\/wp\/v2\/comments?post=77337"}],"wp:featuredmedia":[{"embeddable":true,"href":"https:\/\/www.soanam.de\/en\/wp-json\/wp\/v2\/media\/77471"}],"wp:attachment":[{"href":"https:\/\/www.soanam.de\/en\/wp-json\/wp\/v2\/media?parent=77337"}],"wp:term":[{"taxonomy":"product_brand","embeddable":true,"href":"https:\/\/www.soanam.de\/en\/wp-json\/wp\/v2\/product_brand?post=77337"},{"taxonomy":"product_cat","embeddable":true,"href":"https:\/\/www.soanam.de\/en\/wp-json\/wp\/v2\/product_cat?post=77337"},{"taxonomy":"product_tag","embeddable":true,"href":"https:\/\/www.soanam.de\/en\/wp-json\/wp\/v2\/product_tag?post=77337"}],"curies":[{"name":"wp","href":"https:\/\/api.w.org\/{rel}","templated":true}]}}