{"id":77293,"date":"2023-12-13T20:47:21","date_gmt":"2023-12-13T19:47:21","guid":{"rendered":"https:\/\/www.soanam.de\/?post_type=product&#038;p=77293"},"modified":"2023-12-13T20:52:08","modified_gmt":"2023-12-13T19:52:08","slug":"massimo-dutti-genuine-leather-jacket-for-women-in-biker-style-black-size-m","status":"publish","type":"product","link":"https:\/\/www.soanam.de\/en\/produkt\/massimo-dutti-echtlederjacke-fuer-frauen-im-bikerstil-schwarz-groesse-m\/","title":{"rendered":"Massimo Dutti - Genuine leather jacket for women in biker style, black, size M"},"content":{"rendered":"<h3>Description<\/h3>\n<p>Pockets: flap pockets<br \/>\nPattern: Plain colors<br \/>\nAccents: zippers<\/p>\n<h3>Material &amp; care instructions<\/h3>\n<p>Upper material: 100% leather<br \/>\nLining: 100% polyester<br \/>\nNon-textile parts of animal origin: Yes<br \/>\nCare instructions: Do not tumble dry, do not wash, do not iron<\/p>\n<h3>Fit<\/h3>\n<p>Total length: 54.8 cm for size M<\/p>","protected":false},"excerpt":{"rendered":"<h3>Artikelmerkmale<\/h3>\n<p>Item condition: New with label: New, unused and unworn item in its original packaging<\/p>\n<p>Abteilung: Damen<br \/>\nAkzente: Rei\u00dfverschluss<br \/>\nAnlass: Business, Freizeit, Reise<br \/>\nAu\u00dfenmaterial: Leder<br \/>\nBesonderheiten: Durchgehender Rei\u00dfverschluss<br \/>\nCharakter: ohne<br \/>\nColor: Black<br \/>\nFuttermaterial: Polyester<br \/>\nGewebeart: Leder<br \/>\nSize: S<br \/>\nGr\u00f6\u00dfenkategorie: Normalgr\u00f6\u00dfe<br \/>\nIsoliermaterial: ohne<br \/>\nJacken-\/Mantell\u00e4nge: Kurz<br \/>\nJahreszeit: Fr\u00fchling, Herbst<br \/>\nMarke: Massimo Dutti<br \/>\nModell: Biker<br \/>\nMuster: Ohne Muster<br \/>\nProduct type: Jacket<br \/>\nStil: Biker<br \/>\nThema: Biker<br \/>\nClosure: zipper<br \/>\nVintage: Nein<\/p>","protected":false},"featured_media":77432,"comment_status":"open","ping_status":"closed","template":"","meta":{"_seopress_robots_primary_cat":"","_seopress_titles_title":"","_seopress_titles_desc":"","_seopress_robots_index":""},"product_brand":[],"product_cat":[1348,1354,1405],"product_tag":[],"class_list":{"0":"post-77293","1":"product","2":"type-product","3":"status-publish","4":"has-post-thumbnail","6":"product_cat-damen-mode","7":"product_cat-jacken-maentel","8":"product_cat-lederjacken-jacken-maentel","9":"product_shipping_class-standard-versand","11":"first","12":"instock","13":"sale","14":"taxable","15":"shipping-taxable","16":"purchasable","17":"product-type-simple"},"_links":{"self":[{"href":"https:\/\/www.soanam.de\/en\/wp-json\/wp\/v2\/product\/77293","targetHints":{"allow":["GET"]}}],"collection":[{"href":"https:\/\/www.soanam.de\/en\/wp-json\/wp\/v2\/product"}],"about":[{"href":"https:\/\/www.soanam.de\/en\/wp-json\/wp\/v2\/types\/product"}],"replies":[{"embeddable":true,"href":"https:\/\/www.soanam.de\/en\/wp-json\/wp\/v2\/comments?post=77293"}],"wp:featuredmedia":[{"embeddable":true,"href":"https:\/\/www.soanam.de\/en\/wp-json\/wp\/v2\/media\/77432"}],"wp:attachment":[{"href":"https:\/\/www.soanam.de\/en\/wp-json\/wp\/v2\/media?parent=77293"}],"wp:term":[{"taxonomy":"product_brand","embeddable":true,"href":"https:\/\/www.soanam.de\/en\/wp-json\/wp\/v2\/product_brand?post=77293"},{"taxonomy":"product_cat","embeddable":true,"href":"https:\/\/www.soanam.de\/en\/wp-json\/wp\/v2\/product_cat?post=77293"},{"taxonomy":"product_tag","embeddable":true,"href":"https:\/\/www.soanam.de\/en\/wp-json\/wp\/v2\/product_tag?post=77293"}],"curies":[{"name":"wp","href":"https:\/\/api.w.org\/{rel}","templated":true}]}}