{"id":77178,"date":"2023-12-13T20:39:48","date_gmt":"2023-12-13T19:39:48","guid":{"rendered":"https:\/\/www.soanam.de\/?post_type=product&#038;p=77178"},"modified":"2023-12-13T20:48:17","modified_gmt":"2023-12-13T19:48:17","slug":"herrlicher-slim-fit-jeans-gina-slim-mit-seitlichem-keileinsatz-in-dark-blue-w25xl32","status":"publish","type":"product","link":"https:\/\/www.soanam.de\/en\/produkt\/herrlicher-slim-fit-jeans-gina-slim-mit-seitlichem-keileinsatz-in-dark-blue-w25xl32\/","title":{"rendered":"Herrlicher Slim-fit-Jeans GINA SLIM, mit seitlichem Keileinsatz, in Dark Blue, W25xL32"},"content":{"rendered":"<p>Slim-Fit-Jeans Gina Slim von Herrlicher<br \/>\nPerfekte Passform durch High Performance-Power-Stretch-Materialien<br \/>\nSide wedge inserts with a stretching effect<br \/>\nExcellent shaped waistband for a better fit<\/p>\n<p>Figurbetonende Damen-Slim-fit-Jeans von Herrlicher. Mit sehr enganliegender Beinform sowie niedrig geschnittener Leibh\u00f6he. Versehen mit einem Markenlabel. Dank der robusten Jeansqualit\u00e4t ist die Hose sehr pflegeleicht und strapazierf\u00e4hig.<\/p>\n<p>Material: 98% cotton, 2% elastane<br \/>\nCare instructions: Machine wash at 40\u00b0<\/p>\n<p>Color: dark blue<br \/>\nGr\u00f6\u00dfe: W25 L32<\/p>\n<p>Waist size: 68cm<br \/>\nHip circumference: 84cm<br \/>\nStep length:81cm<br \/>\nTotal length: 102cm<\/p>","protected":false},"excerpt":{"rendered":"<div class=\"Card__CardContent-fragment-product-master__sc-ck1rzj-2 eOqbWa\" data-testid=\"card-content\">\n<div class=\"ProductDescription__Description-fragment-product-master__sc-u3k7vd-0 bbYEYI\" data-testid=\"description\">\n<div data-testid=\"oocv-table-wrapper\">\n<div class=\"OOCVTable__TableBlock-fragment-product-master__sc-avk7r9-0 bHjtgb\">\n<div class=\"OOCVTable__TableHeader-fragment-product-master__sc-avk7r9-1 hafhpN\">Materialzusammensetzung\u00a0 \u00a0Obermaterial: 98% Baumwolle, 2% Elasthan<\/div>\n<div class=\"OOCVTable__TableRow-fragment-product-master__sc-avk7r9-2 bhnjgZ\">\n<div class=\"OOCVTable__KeyTableCell-fragment-product-master__sc-avk7r9-3 jCbhNz\">Materialart\u00a0 \u00a0 \u00a0 \u00a0 \u00a0 \u00a0 \u00a0 \u00a0 \u00a0 \u00a0 \u00a0 \u00a0 \u00a0 \u00a0 \u00a0 \u00a0Denim<\/div>\n<\/div>\n<div class=\"OOCVTable__TableRow-fragment-product-master__sc-avk7r9-2 bhnjgZ\">\n<div class=\"OOCVTable__KeyTableCell-fragment-product-master__sc-avk7r9-3 jCbhNz\">Materialeigenschaften\u00a0 \u00a0 \u00a0 \u00a0 \u00a0 \u00a0elastisch, Stretch<\/div>\n<\/div>\n<div class=\"OOCVTable__TableRow-fragment-product-master__sc-avk7r9-2 bhnjgZ\">\n<div class=\"OOCVTable__KeyTableCell-fragment-product-master__sc-avk7r9-3 jCbhNz\">Pflegehinweise\u00a0 \u00a0 \u00a0 \u00a0 \u00a0 \u00a0 \u00a0 \u00a0 \u00a0 \u00a0 \u00a0 \u00a0 Maschinenw\u00e4sche<\/div>\n<\/div>\n<\/div>\n<div class=\"OOCVTable__TableBlock-fragment-product-master__sc-avk7r9-0 bHjtgb\">\n<div class=\"OOCVTable__TableHeader-fragment-product-master__sc-avk7r9-1 hafhpN\"><\/div>\n<div class=\"OOCVTable__TableRow-fragment-product-master__sc-avk7r9-2 bhnjgZ\">\n<div class=\"OOCVTable__KeyTableCell-fragment-product-master__sc-avk7r9-3 jCbhNz\">Optik\u00a0 \u00a0 \u00a0 \u00a0 \u00a0 \u00a0 \u00a0 \u00a0 \u00a0 \u00a0 \u00a0 \u00a0 \u00a0 \u00a0 \u00a0 \u00a0 \u00a0 \u00a0 \u00a0 \u00a0 \u00a0leichte Abriebeffekte, vintage<\/div>\n<\/div>\n<div class=\"OOCVTable__TableRow-fragment-product-master__sc-avk7r9-2 bhnjgZ\">\n<div class=\"OOCVTable__KeyTableCell-fragment-product-master__sc-avk7r9-3 jCbhNz\">Stil\u00a0 \u00a0 \u00a0 \u00a0 \u00a0 \u00a0 \u00a0 \u00a0 \u00a0 \u00a0 \u00a0 \u00a0 \u00a0 \u00a0 \u00a0 \u00a0 \u00a0 \u00a0 \u00a0 \u00a0 \u00a0 \u00a0 \u00a0casual<\/div>\n<\/div>\n<\/div>\n<div class=\"OOCVTable__TableBlock-fragment-product-master__sc-avk7r9-0 bHjtgb\">\n<div class=\"OOCVTable__TableHeader-fragment-product-master__sc-avk7r9-1 hafhpN\"><\/div>\n<div class=\"OOCVTable__TableRow-fragment-product-master__sc-avk7r9-2 bhnjgZ\">\n<div class=\"OOCVTable__KeyTableCell-fragment-product-master__sc-avk7r9-3 jCbhNz\">Herstellerfarbbezeichnung used 034<\/div>\n<\/div>\n<div class=\"OOCVTable__TableRow-fragment-product-master__sc-avk7r9-2 bhnjgZ\">\n<div class=\"OOCVTable__KeyTableCell-fragment-product-master__sc-avk7r9-3 jCbhNz\">Farbe\u00a0 \u00a0 \u00a0 \u00a0 \u00a0 \u00a0 \u00a0 \u00a0 \u00a0 \u00a0 \u00a0 \u00a0 \u00a0 \u00a0 \u00a0 \u00a0 \u00a0 \u00a0 \u00a0 \u00a0dark blue<\/div>\n<\/div>\n<\/div>\n<div class=\"OOCVTable__TableBlock-fragment-product-master__sc-avk7r9-0 bHjtgb\">\n<div class=\"OOCVTable__TableHeader-fragment-product-master__sc-avk7r9-1 hafhpN\"><\/div>\n<div class=\"OOCVTable__TableRow-fragment-product-master__sc-avk7r9-2 bhnjgZ\">\n<div class=\"OOCVTable__KeyTableCell-fragment-product-master__sc-avk7r9-3 jCbhNz\">Leibh\u00f6he\u00a0 \u00a0 \u00a0 \u00a0 \u00a0 \u00a0 \u00a0 \u00a0 \u00a0 \u00a0 \u00a0 \u00a0 \u00a0 \u00a0 \u00a0 \u00a0 niedriger<\/div>\n<\/div>\n<div class=\"OOCVTable__TableRow-fragment-product-master__sc-avk7r9-2 bhnjgZ\">\n<div class=\"OOCVTable__KeyTableCell-fragment-product-master__sc-avk7r9-3 jCbhNz\">Beinform\u00a0 \u00a0 \u00a0 \u00a0 \u00a0 \u00a0 \u00a0 \u00a0 \u00a0 \u00a0 \u00a0 \u00a0 \u00a0 \u00a0 \u00a0 \u00a0extra-eng<\/div>\n<\/div>\n<div class=\"OOCVTable__TableRow-fragment-product-master__sc-avk7r9-2 bhnjgZ\">\n<div class=\"OOCVTable__KeyTableCell-fragment-product-master__sc-avk7r9-3 jCbhNz\">Passform\u00a0 \u00a0 \u00a0 \u00a0 \u00a0 \u00a0 \u00a0 \u00a0 \u00a0 \u00a0 \u00a0 \u00a0 \u00a0 \u00a0 \u00a0 \u00a0slim fit<\/div>\n<\/div>\n<\/div>\n<div class=\"OOCVTable__TableBlock-fragment-product-master__sc-avk7r9-0 bHjtgb\">\n<div class=\"OOCVTable__TableHeader-fragment-product-master__sc-avk7r9-1 hafhpN\">Details\u00a0 \u00a0 \u00a0 \u00a0 \u00a0 \u00a0 \u00a0 \u00a0 \u00a0 \u00a0 \u00a0 \u00a0 \u00a0 \u00a0 \u00a0 \u00a0 \u00a0 \u00a0G\u00fcrtelschlaufen<\/div>\n<div class=\"OOCVTable__TableRow-fragment-product-master__sc-avk7r9-2 bhnjgZ\">\n<div class=\"OOCVTable__KeyTableCell-fragment-product-master__sc-avk7r9-3 jCbhNz\">Applikationen\u00a0 \u00a0 \u00a0 \u00a0 \u00a0 \u00a0 \u00a0 \u00a0 \u00a0 \u00a0 \u00a0 Brandlabel innen, Markenlabel, Badge, Logopr\u00e4gung, Logoschriftzug<\/div>\n<\/div>\n<div class=\"OOCVTable__TableRow-fragment-product-master__sc-avk7r9-2 bhnjgZ\">\n<div class=\"OOCVTable__KeyTableCell-fragment-product-master__sc-avk7r9-3 jCbhNz\">Taschen\u00a0 \u00a0 \u00a0 \u00a0 \u00a0 \u00a0 \u00a0 \u00a0 \u00a0 \u00a0 \u00a0 \u00a0 \u00a0 \u00a0 \u00a0 \u00a0 Ges\u00e4\u00dftaschen, Coinpocket, Eingrifftaschen<\/div>\n<\/div>\n<div class=\"OOCVTable__TableRow-fragment-product-master__sc-avk7r9-2 bhnjgZ\">\n<div class=\"OOCVTable__KeyTableCell-fragment-product-master__sc-avk7r9-3 jCbhNz\">Verschluss\u00a0 \u00a0 \u00a0 \u00a0 \u00a0 \u00a0 \u00a0 \u00a0 \u00a0 \u00a0 \u00a0 \u00a0 \u00a0 \u00a01-Knopf-Form, Rei\u00dfverschluss<\/div>\n<\/div>\n<div class=\"OOCVTable__TableRow-fragment-product-master__sc-avk7r9-2 bhnjgZ\">\n<div class=\"OOCVTable__KeyTableCell-fragment-product-master__sc-avk7r9-3 jCbhNz\">Besondere Merkmale\u00a0 \u00a0 \u00a0 \u00a0 mit seitlichem Keileinsatz<\/div>\n<\/div>\n<\/div>\n<\/div>\n<\/div>\n<\/div>\n<div class=\"Card__CollapseButton-fragment-product-master__sc-ck1rzj-5 ewucPE\"><\/div>","protected":false},"featured_media":77326,"comment_status":"open","ping_status":"closed","template":"","meta":{"_seopress_robots_primary_cat":"","_seopress_titles_title":"","_seopress_titles_desc":"","_seopress_robots_index":""},"product_brand":[],"product_cat":[1348,1349,1350],"product_tag":[],"class_list":{"0":"post-77178","1":"product","2":"type-product","3":"status-publish","4":"has-post-thumbnail","6":"product_cat-damen-mode","7":"product_cat-hosen-damen-mode","8":"product_cat-jeans-hosen-damen-mode","9":"product_shipping_class-standard-versand","11":"first","12":"instock","13":"sale","14":"taxable","15":"shipping-taxable","16":"purchasable","17":"product-type-simple"},"_links":{"self":[{"href":"https:\/\/www.soanam.de\/en\/wp-json\/wp\/v2\/product\/77178","targetHints":{"allow":["GET"]}}],"collection":[{"href":"https:\/\/www.soanam.de\/en\/wp-json\/wp\/v2\/product"}],"about":[{"href":"https:\/\/www.soanam.de\/en\/wp-json\/wp\/v2\/types\/product"}],"replies":[{"embeddable":true,"href":"https:\/\/www.soanam.de\/en\/wp-json\/wp\/v2\/comments?post=77178"}],"wp:featuredmedia":[{"embeddable":true,"href":"https:\/\/www.soanam.de\/en\/wp-json\/wp\/v2\/media\/77326"}],"wp:attachment":[{"href":"https:\/\/www.soanam.de\/en\/wp-json\/wp\/v2\/media?parent=77178"}],"wp:term":[{"taxonomy":"product_brand","embeddable":true,"href":"https:\/\/www.soanam.de\/en\/wp-json\/wp\/v2\/product_brand?post=77178"},{"taxonomy":"product_cat","embeddable":true,"href":"https:\/\/www.soanam.de\/en\/wp-json\/wp\/v2\/product_cat?post=77178"},{"taxonomy":"product_tag","embeddable":true,"href":"https:\/\/www.soanam.de\/en\/wp-json\/wp\/v2\/product_tag?post=77178"}],"curies":[{"name":"wp","href":"https:\/\/api.w.org\/{rel}","templated":true}]}}