{"id":77165,"date":"2023-12-13T20:38:47","date_gmt":"2023-12-13T19:38:47","guid":{"rendered":"https:\/\/www.soanam.de\/?post_type=product&#038;p=77165"},"modified":"2023-12-13T20:48:02","modified_gmt":"2023-12-13T19:48:02","slug":"herrlicher-slim-fit-jeans-piper-slim-in-blue-bliss-w29xl32","status":"publish","type":"product","link":"https:\/\/www.soanam.de\/en\/produkt\/herrlicher-slim-fit-jeans-piper-slim-in-blue-bliss-w29xl32\/","title":{"rendered":"Herrlicher Slim-fit-Jeans PIPER SLIM, in blue bliss, W29xL32"},"content":{"rendered":"<p>Piper slim skinny jeans by Herrlicher<br \/>\nTight slim fit with low rise<br \/>\nHigh Performance-Power-Stretch-Materialien f\u00fcr die perfekte Passform<br \/>\nH\u00fcfthose mit Formbund, gebogener Doppelsattel hinten, nach hinten laufende Seitennaht<br \/>\nSpecial pocket design with decorative buttons and figure-stretching legs<\/p>\n<p>Die sehr schmale Skinny Fit Passform der Jeans schmiegt sich an deine Beine an.<br \/>\nThe stretch cotton material of the denim is very comfortable to wear.<br \/>\nKleine Details wie die Zierkn\u00f6pfe an den Ges\u00e4\u00dftaschen und ein kleiner Labelaufn\u00e4her an der M\u00fcnztasche unterstreichen neben der modernen Used-Waschung das au\u00dfergew\u00f6hnliche Design.<\/p>\n<p>Material: 92% cotton, 6% polyester, 2% elastane<br \/>\nCare instructions: Machine wash at 40\u00b0<\/p>\n<p>Farbe: bliss<br \/>\nGr\u00f6\u00dfe: W29 L32<\/p>\n<p>Waist size: 78cm<br \/>\nHip circumference: 98cm<br \/>\nStep length:81cm<br \/>\nTotal length: 103cm<\/p>\n<p>This new item is a customer return without a label.<\/p>","protected":false},"excerpt":{"rendered":"<table class=\"dv_characteristicsTable\">\n<tbody>\n<tr>\n<td class=\"left\">Size<\/td>\n<td>29<\/td>\n<\/tr>\n<tr>\n<td class=\"left\">Hosenl\u00e4nge<\/td>\n<td>32<\/td>\n<\/tr>\n<tr>\n<td class=\"left\">Material composition<\/td>\n<td>Obermaterial: 92% Baumwolle, 6% Polyester, 2% Elasthan<\/td>\n<\/tr>\n<tr>\n<td class=\"left\">Materialart<\/td>\n<td>Denim<\/td>\n<\/tr>\n<tr>\n<td class=\"left\">Materialeigenschaften<\/td>\n<td>elastisch, Stretch<\/td>\n<\/tr>\n<tr>\n<td class=\"left\">Care instructions<\/td>\n<td>Machine wash<\/td>\n<\/tr>\n<tr>\n<td class=\"left\">Optik<\/td>\n<td>leichte Abriebeffekte<\/td>\n<\/tr>\n<tr>\n<td class=\"left\">Stil<\/td>\n<td>casual<\/td>\n<\/tr>\n<tr>\n<td class=\"left\">Waschung<\/td>\n<td>washed, Denim<\/td>\n<\/tr>\n<tr>\n<td class=\"left\">Herstellerfarbbezeichnung<\/td>\n<td>bliss<\/td>\n<\/tr>\n<tr>\n<td class=\"left\">Color<\/td>\n<td>blue, bliss<\/td>\n<\/tr>\n<tr>\n<td class=\"left\">Leibh\u00f6he<\/td>\n<td>niedrig<\/td>\n<\/tr>\n<tr>\n<td class=\"left\">Beinform<\/td>\n<td>schmal<\/td>\n<\/tr>\n<tr>\n<td class=\"left\">Fit<\/td>\n<td>slim fit<\/td>\n<\/tr>\n<tr>\n<td class=\"left\">Schnittform L\u00e4nge<\/td>\n<td>lang<\/td>\n<\/tr>\n<tr>\n<td class=\"left\">Belt loops<\/td>\n<td>ja<\/td>\n<\/tr>\n<tr>\n<td class=\"left\">Applikationen<\/td>\n<td>Brandlabel innen, Markenlabel, Badge, Logopr\u00e4gung, Logoschriftzug<\/td>\n<\/tr>\n<tr>\n<td class=\"left\">Bags<\/td>\n<td>Eingrifftaschen, Coinpocket, Ges\u00e4\u00dftaschen<\/td>\n<\/tr>\n<tr>\n<td class=\"left\">Verschluss<\/td>\n<td>1-Knopf-Form, Rei\u00dfverschluss<\/td>\n<\/tr>\n<tr>\n<td class=\"left\">Besondere Merkmale<\/td>\n<td>\n<table class=\"dv_characteristicsTable\">\n<tbody>\n<tr>\n<td>Low Waist Powerstretch<\/td>\n<\/tr>\n<\/tbody>\n<\/table>\n<\/td>\n<\/tr>\n<\/tbody>\n<\/table>","protected":false},"featured_media":77318,"comment_status":"open","ping_status":"closed","template":"","meta":{"_seopress_robots_primary_cat":"","_seopress_titles_title":"","_seopress_titles_desc":"","_seopress_robots_index":""},"product_brand":[],"product_cat":[1348,1349,1350],"product_tag":[],"class_list":{"0":"post-77165","1":"product","2":"type-product","3":"status-publish","4":"has-post-thumbnail","6":"product_cat-damen-mode","7":"product_cat-hosen-damen-mode","8":"product_cat-jeans-hosen-damen-mode","9":"product_shipping_class-standard-versand","11":"first","12":"instock","13":"sale","14":"taxable","15":"shipping-taxable","16":"purchasable","17":"product-type-simple"},"_links":{"self":[{"href":"https:\/\/www.soanam.de\/en\/wp-json\/wp\/v2\/product\/77165","targetHints":{"allow":["GET"]}}],"collection":[{"href":"https:\/\/www.soanam.de\/en\/wp-json\/wp\/v2\/product"}],"about":[{"href":"https:\/\/www.soanam.de\/en\/wp-json\/wp\/v2\/types\/product"}],"replies":[{"embeddable":true,"href":"https:\/\/www.soanam.de\/en\/wp-json\/wp\/v2\/comments?post=77165"}],"wp:featuredmedia":[{"embeddable":true,"href":"https:\/\/www.soanam.de\/en\/wp-json\/wp\/v2\/media\/77318"}],"wp:attachment":[{"href":"https:\/\/www.soanam.de\/en\/wp-json\/wp\/v2\/media?parent=77165"}],"wp:term":[{"taxonomy":"product_brand","embeddable":true,"href":"https:\/\/www.soanam.de\/en\/wp-json\/wp\/v2\/product_brand?post=77165"},{"taxonomy":"product_cat","embeddable":true,"href":"https:\/\/www.soanam.de\/en\/wp-json\/wp\/v2\/product_cat?post=77165"},{"taxonomy":"product_tag","embeddable":true,"href":"https:\/\/www.soanam.de\/en\/wp-json\/wp\/v2\/product_tag?post=77165"}],"curies":[{"name":"wp","href":"https:\/\/api.w.org\/{rel}","templated":true}]}}