{"id":77093,"date":"2023-12-13T20:35:27","date_gmt":"2023-12-13T19:35:27","guid":{"rendered":"https:\/\/www.soanam.de\/?post_type=product&#038;p=77093"},"modified":"2023-12-13T20:46:34","modified_gmt":"2023-12-13T19:46:34","slug":"ingersoll-mens-watch-stainless-steel-bracelet-case-in-silver","status":"publish","type":"product","link":"https:\/\/www.soanam.de\/en\/produkt\/ingersoll-herren-uhr-edelstahlarmband-gehaeuse-in-silber\/","title":{"rendered":"Ingersoll men's watch, stainless steel bracelet \/ case in silver"},"content":{"rendered":"<p>Ingersoll men's watch with silver stainless steel bracelet \/ stainless steel case \/ The Scovill I06201 in elegant wooden box + leather case<\/p>\n<h3>Description<\/h3>\n<p>Age recommendation: Adults<br \/>\nDrive: Quartz<br \/>\nDisplay format: Analog<br \/>\nBracelet: Stainless steel<br \/>\nBracelet color: Silver<br \/>\nBracelet material: Stainless steel<br \/>\nATM: 10<br \/>\nDesignation: HAU, The Scovill 43mm<br \/>\nFunction: Chronograph, luminescent hands and numerals<br \/>\nHousing: Stainless steel<br \/>\nGender: Men<br \/>\nGlass: hardened mineral glass<br \/>\nCountry and region of manufacture: Germany<br \/>\nBrand: Ingersoll Rand<br \/>\nProduct type: Wristwatch<br \/>\nType: The Scovill<br \/>\nWatch case color: Silver<br \/>\nWatch case size: 40-43.5mm<br \/>\nWatch case material: Stainless steel<br \/>\nMovement: Mechanical (automatic)<br \/>\nMovement: Miyota 6S20<br \/>\nDial: black<\/p>\n<h3>Scope of delivery<\/h3>\n<p>Authenticity Card<br \/>\nelegant wooden box\/gift packaging<br \/>\nMen's watch<br \/>\nInstruction Book<br \/>\nLeather case<br \/>\nService Book<\/p>","protected":false},"excerpt":{"rendered":"<h3>Artikelmerkmale<\/h3>\n<p>Item condition: New with label: New, unused and unworn item in its original packaging<\/p>\n<p>Abteilung: Herren<br \/>\nAge recommendation: Adults<br \/>\nDisplay format: Analog<br \/>\nArmbandbreite: 22mm<br \/>\nBracelet color: Silver<br \/>\nBracelet material: Stainless steel<br \/>\nBesonderheiten: Mineralglas<br \/>\nGeh\u00e4usegr\u00f6\u00dfe: 40-43,5mm<br \/>\nGeh\u00e4usematerial: Edelstahl<br \/>\nHerstellungsjahr: Ab 2010<br \/>\nCountry and region of manufacture: Germany<br \/>\nIndividualisiert: Nein<br \/>\nL\u00fcnettenfarbe: ohne Angabe<br \/>\nBrand: Ingersoll Rand<br \/>\nMit Original-Box\/Originalverpackung: Ja<br \/>\nMit Original-Papieren: Ja<br \/>\nModell: The Scovill<br \/>\nProduct type: Wristwatch<br \/>\nReferenznummer: I06201<br \/>\nStil: Klassisch<br \/>\nUhrenform: Rund<br \/>\nWatch case color: Silver<br \/>\nWatch case material: Stainless steel<br \/>\nMovement: Mechanical (automatic)<br \/>\nWasserdichtigkeit: 100 m (10 ATM)<br \/>\nZifferblatt-Einteilung: Nicht-Numerische Stundenstriche<br \/>\nZifferblattfarbe: Schwarz<\/p>","protected":false},"featured_media":77266,"comment_status":"open","ping_status":"closed","template":"","meta":{"_seopress_robots_primary_cat":"","_seopress_titles_title":"","_seopress_titles_desc":"","_seopress_robots_index":""},"product_brand":[],"product_cat":[1345,1387,1388],"product_tag":[],"class_list":{"0":"post-77093","1":"product","2":"type-product","3":"status-publish","4":"has-post-thumbnail","6":"product_cat-herrenmode","7":"product_cat-accessoires-herrenmode","8":"product_cat-uhren","9":"product_shipping_class-standard-versand","11":"first","12":"instock","13":"sale","14":"taxable","15":"shipping-taxable","16":"purchasable","17":"product-type-simple"},"_links":{"self":[{"href":"https:\/\/www.soanam.de\/en\/wp-json\/wp\/v2\/product\/77093","targetHints":{"allow":["GET"]}}],"collection":[{"href":"https:\/\/www.soanam.de\/en\/wp-json\/wp\/v2\/product"}],"about":[{"href":"https:\/\/www.soanam.de\/en\/wp-json\/wp\/v2\/types\/product"}],"replies":[{"embeddable":true,"href":"https:\/\/www.soanam.de\/en\/wp-json\/wp\/v2\/comments?post=77093"}],"wp:featuredmedia":[{"embeddable":true,"href":"https:\/\/www.soanam.de\/en\/wp-json\/wp\/v2\/media\/77266"}],"wp:attachment":[{"href":"https:\/\/www.soanam.de\/en\/wp-json\/wp\/v2\/media?parent=77093"}],"wp:term":[{"taxonomy":"product_brand","embeddable":true,"href":"https:\/\/www.soanam.de\/en\/wp-json\/wp\/v2\/product_brand?post=77093"},{"taxonomy":"product_cat","embeddable":true,"href":"https:\/\/www.soanam.de\/en\/wp-json\/wp\/v2\/product_cat?post=77093"},{"taxonomy":"product_tag","embeddable":true,"href":"https:\/\/www.soanam.de\/en\/wp-json\/wp\/v2\/product_tag?post=77093"}],"curies":[{"name":"wp","href":"https:\/\/api.w.org\/{rel}","templated":true}]}}