{"id":77030,"date":"2023-12-13T20:32:21","date_gmt":"2023-12-13T19:32:21","guid":{"rendered":"https:\/\/www.soanam.de\/?post_type=product&#038;p=77030"},"modified":"2023-12-13T20:42:38","modified_gmt":"2023-12-13T19:42:38","slug":"ba-sh-maxikleid-im-metallic-look-in-beige-braun-groesse-l","status":"publish","type":"product","link":"https:\/\/www.soanam.de\/en\/produkt\/ba-sh-maxikleid-im-metallic-look-in-beige-braun-groesse-l\/","title":{"rendered":"Ba &amp; Sh maxi dress in metallic look, in beige-brown, size L"},"content":{"rendered":"<h3>Details<\/h3>\n<ul>\n<li>Langes Kleid<\/li>\n<li>Festkleid<\/li>\n<li>Metallisch<\/li>\n<li>Gedruckt<\/li>\n<li>Tiefer Ausschnitt<\/li>\n<li>Gekn\u00f6pft<\/li>\n<li>Gesmokter R\u00fccken<\/li>\n<li>Lined<\/li>\n<li>Nicht dehnbarer Stoff<\/li>\n<li>Langer Schlitz auf der Vorderseite<\/li>\n<\/ul>\n<h3><strong>Material and care<\/strong><\/h3>\n<ul>\n<li>Oberstoff: 91% Viskose, 9% Metallische Faser<\/li>\n<li>Lining: 100% viscose<\/li>\n<li>Pflege: Handw\u00e4sche oder chemische Reinigung<\/li>\n<\/ul>","protected":false},"excerpt":{"rendered":"<h3>Artikelmerkmale<\/h3>\n<p>Item condition: New with label: New, unused and unworn item in its original packaging<\/p>\n<p>Abteilung: Damen<br \/>\nAnlass: Elegant<br \/>\n\u00c4rmelart: Flatter\u00e4rmel<br \/>\nSleeve length: Short sleeve<br \/>\nNeckline: V-neck<br \/>\nCharakter: ohne<br \/>\nFarbe: Beige<br \/>\nGewebeart: Chiffon<br \/>\nSize: L<br \/>\nGr\u00f6\u00dfenkategorie: Normalgr\u00f6\u00dfe<br \/>\nJahreszeit: Sommer<br \/>\nKleiderl\u00e4nge: Lang<br \/>\nMarke: ba&amp;sh<br \/>\nMaterial: Viskose<br \/>\nMuster: Druck<br \/>\nStil: Maxikleid<br \/>\nThema: Festlich<br \/>\nVerschluss: Kn\u00f6pfe<br \/>\nVintage: Nein<\/p>","protected":false},"featured_media":77209,"comment_status":"open","ping_status":"closed","template":"","meta":{"_seopress_robots_primary_cat":"","_seopress_titles_title":"","_seopress_titles_desc":"","_seopress_robots_index":""},"product_brand":[],"product_cat":[1348,1379,1380],"product_tag":[],"class_list":{"0":"post-77030","1":"product","2":"type-product","3":"status-publish","4":"has-post-thumbnail","6":"product_cat-damen-mode","7":"product_cat-kleider","8":"product_cat-abendkleider","9":"product_shipping_class-standard-versand","11":"first","12":"instock","13":"sale","14":"taxable","15":"shipping-taxable","16":"purchasable","17":"product-type-simple"},"_links":{"self":[{"href":"https:\/\/www.soanam.de\/en\/wp-json\/wp\/v2\/product\/77030","targetHints":{"allow":["GET"]}}],"collection":[{"href":"https:\/\/www.soanam.de\/en\/wp-json\/wp\/v2\/product"}],"about":[{"href":"https:\/\/www.soanam.de\/en\/wp-json\/wp\/v2\/types\/product"}],"replies":[{"embeddable":true,"href":"https:\/\/www.soanam.de\/en\/wp-json\/wp\/v2\/comments?post=77030"}],"wp:featuredmedia":[{"embeddable":true,"href":"https:\/\/www.soanam.de\/en\/wp-json\/wp\/v2\/media\/77209"}],"wp:attachment":[{"href":"https:\/\/www.soanam.de\/en\/wp-json\/wp\/v2\/media?parent=77030"}],"wp:term":[{"taxonomy":"product_brand","embeddable":true,"href":"https:\/\/www.soanam.de\/en\/wp-json\/wp\/v2\/product_brand?post=77030"},{"taxonomy":"product_cat","embeddable":true,"href":"https:\/\/www.soanam.de\/en\/wp-json\/wp\/v2\/product_cat?post=77030"},{"taxonomy":"product_tag","embeddable":true,"href":"https:\/\/www.soanam.de\/en\/wp-json\/wp\/v2\/product_tag?post=77030"}],"curies":[{"name":"wp","href":"https:\/\/api.w.org\/{rel}","templated":true}]}}