{"id":77025,"date":"2023-12-13T20:32:19","date_gmt":"2023-12-13T19:32:19","guid":{"rendered":"https:\/\/www.soanam.de\/?post_type=product&#038;p=77025"},"modified":"2023-12-13T20:40:26","modified_gmt":"2023-12-13T19:40:26","slug":"belstaff-trialmaster-evo-down-herren-jacket","status":"publish","type":"product","link":"https:\/\/www.soanam.de\/en\/produkt\/belstaff-trialmaster-evo-down-herren-jacket\/","title":{"rendered":"Belstaff - Trialmaster Evo Down Men's Jacket"},"content":{"rendered":"<h3>Product description<\/h3>\n<p>Diese Version des klassischen Vier-Taschen-Designs aus dunklem Hickory besteht aus einem wasserdichten Stoff und wird mithilfe der Heat-Mapping-Technologie mit Daunen gef\u00fcllt. Die strenge Liebe zum Detail umfasst lasergeschnittene Taschen, wasserdichte, hei\u00dfversiegelte N\u00e4hte und eine raffinierte Smartphone-Innentasche mit einem transparenten, Touchpad-empfindlichen Schild.<br \/>\nDer gleiche durchdachte Ansatz gilt auch f\u00fcr die erwachsene Kapuze, die wasserdichten Rei\u00dfverschl\u00fcsse und die subtilen reflektierenden Details.<br \/>\nZus\u00e4tzlichen Komfort bieten die Stretch-Jersey-Manschetten, die interne Kordel f\u00fcr eine einstellbare Passform und die Netzbel\u00fcftung, die die Mobilit\u00e4t f\u00f6rdert sowie Luftstrom.<\/p>","protected":false},"excerpt":{"rendered":"<h3>Artikelmerkmale<\/h3>\n<p>Item condition: New with label: New, unused and unworn item in its original packaging<br \/>\nAu\u00dfenmaterial: 74% Polyamid 26% Elastan<br \/>\nMarke: Belstaff<br \/>\nAnlass: Business, Freizeit<br \/>\nIsoliermaterial: Daunen<br \/>\nStil: Daunenjacke<br \/>\nModell: Evo<br \/>\nColor: Green<br \/>\nJahreszeit: Herbst, Winter<br \/>\nAbteilung: Herren<br \/>\nProduct type: Jacket<br \/>\nVintage: Nein<br \/>\nBesonderheiten: Netzbel\u00fcftung, Reflektierend, Wasserdicht<br \/>\nGr\u00f6\u00dfenkategorie: Normalgr\u00f6\u00dfe<br \/>\nMuster: Ohne Muster<br \/>\nThema: Outdoor<br \/>\nGewebeart: PA<br \/>\nFuttermaterial: Polyester<br \/>\nClosure: zipper<br \/>\nAktivit\u00e4t: Spazieren<\/p>","protected":false},"featured_media":77185,"comment_status":"open","ping_status":"closed","template":"","meta":{"_seopress_robots_primary_cat":"","_seopress_titles_title":"","_seopress_titles_desc":"","_seopress_robots_index":""},"product_brand":[],"product_cat":[1345,1363,1377,1378],"product_tag":[],"class_list":{"0":"post-77025","1":"product","2":"type-product","3":"status-publish","4":"has-post-thumbnail","6":"product_cat-herrenmode","7":"product_cat-jacken-maentel-herrenmode","8":"product_cat-winterjacken-jacken-maentel-herrenmode","9":"product_cat-daunen-steppjacken","10":"product_shipping_class-standard-versand","12":"first","13":"instock","14":"sale","15":"taxable","16":"shipping-taxable","17":"purchasable","18":"product-type-simple"},"_links":{"self":[{"href":"https:\/\/www.soanam.de\/en\/wp-json\/wp\/v2\/product\/77025","targetHints":{"allow":["GET"]}}],"collection":[{"href":"https:\/\/www.soanam.de\/en\/wp-json\/wp\/v2\/product"}],"about":[{"href":"https:\/\/www.soanam.de\/en\/wp-json\/wp\/v2\/types\/product"}],"replies":[{"embeddable":true,"href":"https:\/\/www.soanam.de\/en\/wp-json\/wp\/v2\/comments?post=77025"}],"wp:featuredmedia":[{"embeddable":true,"href":"https:\/\/www.soanam.de\/en\/wp-json\/wp\/v2\/media\/77185"}],"wp:attachment":[{"href":"https:\/\/www.soanam.de\/en\/wp-json\/wp\/v2\/media?parent=77025"}],"wp:term":[{"taxonomy":"product_brand","embeddable":true,"href":"https:\/\/www.soanam.de\/en\/wp-json\/wp\/v2\/product_brand?post=77025"},{"taxonomy":"product_cat","embeddable":true,"href":"https:\/\/www.soanam.de\/en\/wp-json\/wp\/v2\/product_cat?post=77025"},{"taxonomy":"product_tag","embeddable":true,"href":"https:\/\/www.soanam.de\/en\/wp-json\/wp\/v2\/product_tag?post=77025"}],"curies":[{"name":"wp","href":"https:\/\/api.w.org\/{rel}","templated":true}]}}