{"id":77013,"date":"2023-12-13T20:32:12","date_gmt":"2023-12-13T19:32:12","guid":{"rendered":"https:\/\/www.soanam.de\/?post_type=product&#038;p=77013"},"modified":"2023-12-13T20:36:43","modified_gmt":"2023-12-13T19:36:43","slug":"nike-x-matthew-m-williams-wendbare-3-in-1-hose-fuer-herren","status":"publish","type":"product","link":"https:\/\/www.soanam.de\/en\/produkt\/nike-x-matthew-m-williams-wendbare-3-in-1-hose-fuer-herren\/","title":{"rendered":"Nike x Matthew M. Williams Reversible 3-in-1 Pants for Men"},"content":{"rendered":"<h3>Description<\/h3>\n<p>Das 3-in-1-Design beinhaltet eine wasserfeste Hose, wendbare Shorts und Innenshorts, damit du dich das ganze Jahr \u00fcber an die Wetterbedingungen anpassen kannst.<br \/>\nSie sind der n\u00e4chste Schritt im Training, entwickelt f\u00fcr Sport, Kultur und Spirit.<\/p>\n<h3>Wetterfest und anpassbar<\/h3>\n<p>Die Au\u00dfenhose besteht aus gewebtem Material mit wasserabweisendem Tragekomfort und sorgt so f\u00fcr ein geschmeidiges Tragegef\u00fchl. Elastische Elemente erm\u00f6glichen uneingeschr\u00e4nkte Bewegungsfreiheit. Die unteren Beinbereiche k\u00f6nnen gel\u00f6st werden, damit du die Hose bei warmem Wetter auch als Shorts tragen kannst.<\/p>\n<h3>Halt an den entscheidenden Stellen<\/h3>\n<p>Die Innenschicht sorgt f\u00fcr Halt. Die Shorts bestehen aus Strickmaterial mit Elastan und sorgen mit schwei\u00dfableitender Technologie f\u00fcr trockenen Tragekomfort.<\/p>\n<h3>Trockne dich ab<\/h3>\n<p>Mit dem angebrachten Handtuch kannst du dich unterwegs abtrocknen. Das Handtuch kann separat entnommen werden.<\/p>\n<h3>Further advantages<\/h3>\n<p>Zwei Seitentaschen und eine Tasche hinten bieten Platz f\u00fcr kleine Gegenst\u00e4nde und ein Smartphone.<br \/>\nDie Tights verf\u00fcgen \u00fcber Taschen zur Aufbewahrung kleiner Gegenst\u00e4nde.<br \/>\nEin atmungsaktiver, elastischer Bund mit Fidlock-G\u00fcrtel erm\u00f6glicht eine verstellbare Passform.<\/p>\n<h3>Product information<\/h3>\n<p>Achtung: Dieses Produkt enth\u00e4lt Magnete<br \/>\nHose: 100 % Polyester<br \/>\nMesh: 89 % Polyester\/11 % Elastan<br \/>\nTights: 74 % Polyester\/26 % Elastan;<br \/>\nHandtuch: 100 % Baumwolle<br \/>\nMachine wash<br \/>\nHandtuch<br \/>\nImported<\/p>\n<h3>Size and fit<\/h3>\n<p>Beininnenl\u00e4nge: ca. 75 cm<br \/>\nStandard fit for a relaxed, uncomplicated feel<\/p>","protected":false},"excerpt":{"rendered":"<h3>Artikelmerkmale<\/h3>\n<p>Item condition: New with label: New, unused and unworn item in its original packaging<\/p>\n<p>Abteilung: Herren<br \/>\nAktivit\u00e4t: Fitnessstudio &amp; Training<br \/>\nAnlass: Sport<br \/>\nEAN: 194272898196<br \/>\nColor: Black<br \/>\nSize: XL<br \/>\nGr\u00f6\u00dfenkategorie: Normalgr\u00f6\u00dfe<br \/>\nBrand: Nike<br \/>\nMaterial: Polyester, Elasthan<br \/>\nProduktart: Hosen<br \/>\nSchrittl\u00e4nge: 75 cm<br \/>\nStil: 3-in-1-Funktionshose<br \/>\nTaillenumfang: ohne Angabe<br \/>\nVerschluss: elastischer Bund mit G\u00fcrtel<br \/>\nVintage: Nein<\/p>","protected":false},"featured_media":77106,"comment_status":"open","ping_status":"closed","template":"","meta":{"_seopress_robots_primary_cat":"","_seopress_titles_title":"","_seopress_titles_desc":"","_seopress_robots_index":""},"product_brand":[],"product_cat":[1345,1365,1366],"product_tag":[],"class_list":{"0":"post-77013","1":"product","2":"type-product","3":"status-publish","4":"has-post-thumbnail","6":"product_cat-herrenmode","7":"product_cat-sportbekleidung","8":"product_cat-sonstiges","9":"product_shipping_class-standard-versand","11":"first","12":"instock","13":"sale","14":"taxable","15":"shipping-taxable","16":"purchasable","17":"product-type-simple"},"_links":{"self":[{"href":"https:\/\/www.soanam.de\/en\/wp-json\/wp\/v2\/product\/77013","targetHints":{"allow":["GET"]}}],"collection":[{"href":"https:\/\/www.soanam.de\/en\/wp-json\/wp\/v2\/product"}],"about":[{"href":"https:\/\/www.soanam.de\/en\/wp-json\/wp\/v2\/types\/product"}],"replies":[{"embeddable":true,"href":"https:\/\/www.soanam.de\/en\/wp-json\/wp\/v2\/comments?post=77013"}],"wp:featuredmedia":[{"embeddable":true,"href":"https:\/\/www.soanam.de\/en\/wp-json\/wp\/v2\/media\/77106"}],"wp:attachment":[{"href":"https:\/\/www.soanam.de\/en\/wp-json\/wp\/v2\/media?parent=77013"}],"wp:term":[{"taxonomy":"product_brand","embeddable":true,"href":"https:\/\/www.soanam.de\/en\/wp-json\/wp\/v2\/product_brand?post=77013"},{"taxonomy":"product_cat","embeddable":true,"href":"https:\/\/www.soanam.de\/en\/wp-json\/wp\/v2\/product_cat?post=77013"},{"taxonomy":"product_tag","embeddable":true,"href":"https:\/\/www.soanam.de\/en\/wp-json\/wp\/v2\/product_tag?post=77013"}],"curies":[{"name":"wp","href":"https:\/\/api.w.org\/{rel}","templated":true}]}}