{"id":6845,"date":"2023-12-03T02:30:52","date_gmt":"2023-12-03T01:30:52","guid":{"rendered":"https:\/\/www.soanam.de\/widerrufsbelehrung\/"},"modified":"2024-08-21T16:42:42","modified_gmt":"2024-08-21T14:42:42","slug":"revocation-policy","status":"publish","type":"page","link":"https:\/\/www.soanam.de\/en\/widerrufsbelehrung\/","title":{"rendered":"Cancellation policy"},"content":{"rendered":"<h3>Right of withdrawal for consumers<\/h3>\n<p>(A consumer is any natural person who enters into a legal transaction for purposes that are predominantly outside their trade, business or profession).<\/p>\n<h1>Cancellation policy<\/h1>\n<h3>Right of withdrawal<\/h3>\n<p>You have the right to withdraw from this contract within fourteen days without giving any reason.<\/p>\n<p>The revocation period is fourteen days from the date,<\/p>\n<ul>\n<li>on which you or a third party named by you, who is not the carrier, has or has taken possession of the goods, provided that you have ordered one or more goods as part of a single order and these are or will be delivered uniformly, or<\/li>\n<li>on which you or a third party named by you, who is not the carrier, have taken possession of the last goods, provided that you have ordered several goods as part of a single order and these are delivered separately, or<\/li>\n<li>on which you or a third party named by you, who is not the carrier, have taken possession of the last partial shipment or the last piece, if you have ordered goods that are delivered in several partial shipments or pieces, or<\/li>\n<li>on which you or a third party named by you, who is not the carrier, have taken possession of the first goods, provided that you have concluded a contract for the regular delivery of goods over a fixed period of time.<\/li>\n<\/ul>\n<p>Um Ihr Widerrufsrecht auszu\u00fcben, m\u00fcssen Sie uns (Uttam's GbR, Sachsenhausener Str. 23a, OG \u2013 B\u00fcro 2006, 16515 Brandenburg \u2013 Oranienburg, Deutschland, Telefonnummer: +49 (0) 3301 2086393, E-Mail-Adresse: info@soanam.de)\u00a0mittels einer eindeutigen Erkl\u00e4rung (z.B. ein mit der Post versandter Brief, E-Mail) \u00fcber Ihren Entschluss, diesen Vertrag zu widerrufen, informieren. Sie k\u00f6nnen daf\u00fcr das beigef\u00fcgte Muster-Widerrufsformular verwenden, das jedoch nicht vorgeschrieben ist. Sie k\u00f6nnen das Muster-Widerrufsformular oder eine andere eindeutige Erkl\u00e4rung auch auf unserer Webseite https:\/\/www.soanam.de\/widerrufsbelehrung\/ elektronisch ausf\u00fcllen und \u00fcbermitteln. Machen Sie von dieser M\u00f6glichkeit Gebrauch, so werden wir Ihnen unverz\u00fcglich (z. B. per E-Mail) eine Best\u00e4tigung \u00fcber den Eingang eines solchen Widerrufs \u00fcbermitteln.<\/p>\n<p>To meet the withdrawal deadline, it is sufficient for you to send your notification of exercising your right of withdrawal before the withdrawal period has expired.<\/p>\n<h3>Consequences of revocation<\/h3>\n<p>If you withdraw from this contract, we shall reimburse to you all payments received from you, including the costs of delivery (with the exception of the supplementary costs resulting from your choice of a type of delivery other than the least expensive type of standard delivery offered by us), without undue delay and in any event not later than 14 days from the day on which we are informed about your decision to withdraw from this contract. For this repayment, we will use the same means of payment that you used for the original transaction, unless expressly agreed otherwise with you; under no circumstances will you be charged any fees for this repayment.<\/p>\n<p>We may refuse to refund you until we have received the goods back or until you have provided proof that you have returned the goods, whichever is the earliest.<\/p>\n<p>You must return or hand over the goods to us immediately and in any case within fourteen days at the latest from the day on which you inform us of the revocation of this contract. The deadline is met if you send the goods before the period of fourteen days has expired.<\/p>\n<p>You bear the direct costs of returning the goods.<\/p>\n<p>You only have to pay for any loss in value of the goods if this loss in value is due to handling of the goods that is not necessary for checking their condition, properties and functionality.<\/p>\n<h2>Sample withdrawal form<\/h2>\n<p>(If you wish to cancel the contract, please complete this form and return it to us).<\/p>\n<p>- To<\/p>\n<p>Uttam's GbR, Sachsenhausener Str. 23a, OG \u2013 B\u00fcro 2006, 16515 Brandenburg \u2013 Oranienburg, Deutschland, Telefonnummer: +49 (0) 3301 2086393, E-Mail-Adresse: info@soanam.de<\/p>\n<p>- I\/we (*) hereby revoke the contract concluded by me\/us (*) for the purchase of the following goods (*)\/the provision of the following service (*)<\/p>\n<p>- Ordered on (*)\/received on (*)<\/p>\n<p>- Name of the consumer(s)<\/p>\n<p>- Address of the consumer(s)<\/p>\n<p>- Signature of the consumer(s) (only for notification on paper)<\/p>\n<p>- Date<\/p>\n<p>___________<br \/>\n(*) Delete as appropriate.<\/p>","protected":false},"excerpt":{"rendered":"<p>Widerrufsrecht f\u00fcr Verbraucher (Verbraucher ist jede nat\u00fcrliche Person, die ein Rechtsgesch\u00e4ft zu Zwecken abschlie\u00dft, die \u00fcberwiegend weder ihrer gewerblichen noch ihrer selbstst\u00e4ndigen beruflichen T\u00e4tigkeit zugerechnet werden kann.) Widerrufsbelehrung Widerrufsrecht Sie haben das Recht, binnen vierzehn Tagen ohne Angabe von Gr\u00fcnden diesen Vertrag zu widerrufen. Die Widerrufsfrist betr\u00e4gt vierzehn Tage ab dem Tag, an dem Sie [&hellip;]<\/p>\n","protected":false},"author":1,"featured_media":0,"parent":0,"menu_order":0,"comment_status":"closed","ping_status":"closed","template":"","meta":{"_seopress_robots_primary_cat":"","_seopress_titles_title":"","_seopress_titles_desc":"","_seopress_robots_index":"","footnotes":""},"class_list":["post-6845","page","type-page","status-publish","hentry"],"_links":{"self":[{"href":"https:\/\/www.soanam.de\/en\/wp-json\/wp\/v2\/pages\/6845","targetHints":{"allow":["GET"]}}],"collection":[{"href":"https:\/\/www.soanam.de\/en\/wp-json\/wp\/v2\/pages"}],"about":[{"href":"https:\/\/www.soanam.de\/en\/wp-json\/wp\/v2\/types\/page"}],"author":[{"embeddable":true,"href":"https:\/\/www.soanam.de\/en\/wp-json\/wp\/v2\/users\/1"}],"replies":[{"embeddable":true,"href":"https:\/\/www.soanam.de\/en\/wp-json\/wp\/v2\/comments?post=6845"}],"version-history":[{"count":0,"href":"https:\/\/www.soanam.de\/en\/wp-json\/wp\/v2\/pages\/6845\/revisions"}],"wp:attachment":[{"href":"https:\/\/www.soanam.de\/en\/wp-json\/wp\/v2\/media?parent=6845"}],"curies":[{"name":"wp","href":"https:\/\/api.w.org\/{rel}","templated":true}]}}